{"id":2270,"date":"2023-10-04T13:22:07","date_gmt":"2023-10-04T13:22:07","guid":{"rendered":"https:\/\/masterofcity.com\/?page_id=2270"},"modified":"2023-11-21T08:14:35","modified_gmt":"2023-11-21T08:14:35","slug":"privacy-policy","status":"publish","type":"page","link":"https:\/\/masterofcity.com\/de\/privacy-policy\/","title":{"rendered":"Datenschutzbestimmungen"},"content":{"rendered":"<div data-elementor-type=\"wp-page\" data-elementor-id=\"2270\" class=\"elementor elementor-2270\" data-elementor-post-type=\"page\">\n\t\t\t\t\t\t<section class=\"elementor-section elementor-top-section elementor-element elementor-element-b53a9ec elementor-section-boxed elementor-section-height-default elementor-section-height-default\" data-id=\"b53a9ec\" data-element_type=\"section\">\n\t\t\t\t\t\t<div class=\"elementor-container elementor-column-gap-default\">\n\t\t\t\t\t<div class=\"elementor-column elementor-col-100 elementor-top-column elementor-element elementor-element-b7dc103\" data-id=\"b7dc103\" data-element_type=\"column\">\n\t\t\t<div class=\"elementor-widget-wrap elementor-element-populated\">\n\t\t\t\t\t\t<div class=\"elementor-element elementor-element-d3bbc36 elementor-widget elementor-widget-text-editor\" data-id=\"d3bbc36\" data-element_type=\"widget\" data-widget_type=\"text-editor.default\">\n\t\t\t\t<div class=\"elementor-widget-container\">\n\t\t\t\t\t\t\t\t\t<div><div><div><p><strong>Datenschutzrichtlinie von Master of City Store<\/strong><\/p><p>Lieber Benutzer!<\/p><p>Wir achten auf Ihre Privatsph\u00e4re und m\u00f6chten, dass Sie sich bei der Nutzung unserer Dienste wohl f\u00fchlen. Deshalb stellen wir Ihnen im Folgenden die wichtigsten Informationen \u00fcber die Regeln der Verarbeitung Ihrer pers\u00f6nlichen Daten und der Cookies, die von unserem Shop verwendet werden, zur Verf\u00fcgung. Diese Informationen wurden unter Ber\u00fccksichtigung der GDPR, d.h. der Allgemeinen Datenschutzverordnung, erstellt.<\/p><p><strong>PERS\u00d6NLICHER DATENVERWALTER (\"Verwalter\")<\/strong> ANDRZEJ SZCZE\u015aNIAK, Unternehmer, der ein Unternehmen unter dem Namen IMEDIA GROUP ANDRZEJ SZCZE\u015aNIAK betreibt, eingetragen im Zentralen Register und Informationen \u00fcber die Wirtschaftst\u00e4tigkeit des Ministers f\u00fcr Wirtschaft und im Zentralen Register und Informationen \u00fcber die Wirtschaftst\u00e4tigkeit, Steueridentifikationsnummer (NIP) 5260055621, REGON-Nummer 010054933, Rogalskiego 12\/33 Street, 03-918 Warschau.<\/p><p><strong>PERSONENBEZOGENE DATEN UND DATENSCHUTZ<\/strong> Wenn Sie beabsichtigen, ein Benutzerkonto einzurichten und unsere Dienste zu nutzen, werden Sie aufgefordert, uns Ihre pers\u00f6nlichen Daten mitzuteilen. Ihre Daten werden von uns zu den unten aufgef\u00fchrten Zwecken im Zusammenhang mit dem Betrieb des Shops und den darin angebotenen Dienstleistungen (\"Dienstleistungen\") verarbeitet.<\/p><p>Zweck der Verarbeitung:<\/p><p>Je nachdem, wie Sie sich entscheiden, kann das sein:<\/p><ul><li>Erbringung der im Store angebotenen Dienstleistungen<\/li><li>Ausf\u00fchrung Ihrer Auftr\u00e4ge<\/li><li>Direktmarketing f\u00fcr angebotene Dienste, mit Ausnahme des Newsletters<\/li><li>Versenden des Newsletters<\/li><\/ul><p>Verarbeitungsgrundlage:<\/p><ul><li>Kaufvertrag oder auf Ihren Wunsch durchgef\u00fchrte Ma\u00dfnahmen, die auf den Abschluss eines Kaufvertrags abzielen (Art. 6(1)(b) GDPR)<\/li><li>Rechtliche Verpflichtung, die uns bindet, z. B. im Zusammenhang mit der Rechnungslegung (Art. 6(1)(c) GDPR)<\/li><li>Ihre im Shop ausgedr\u00fcckte Einwilligung (Art. 6(1)(a) GDPR)<\/li><li>Vertrag \u00fcber die Erbringung von Dienstleistungen oder Ma\u00dfnahmen, die auf Ihren Wunsch hin ergriffen werden, um den Vertrag abzuschlie\u00dfen (Art. 6(1)(b) GDPR)<\/li><li>Unser berechtigtes Interesse an der Verarbeitung von Daten zur Feststellung, Verfolgung oder Abwehr m\u00f6glicher Anspr\u00fcche (Art. 6(1)(f) GDPR)<\/li><li>Unser berechtigtes Interesse an Direktmarketing (Art. 6(1)(f) GDPR)<\/li><li>Unser berechtigtes Interesse an der Verarbeitung von Daten f\u00fcr analytische und statistische Zwecke (Art. 6(1)(f) GDPR)<\/li><li>Unser berechtigtes Interesse an der Kundenzufriedenheitsforschung (Art. 6(1)(f) GDPR)<\/li><\/ul><p>Daten bereitstellen:<\/p><ul><li>Freiwillig, aber in einigen F\u00e4llen kann es notwendig sein, einen Vertrag abzuschlie\u00dfen.<\/li><\/ul><p>Folgen der Nichtbereitstellung von Daten:<\/p><p>Je nach dem Zweck, f\u00fcr den die Daten bereitgestellt werden:<\/p><ul><li>Unf\u00e4higkeit, sich im Store zu registrieren<\/li><li>Unf\u00e4higkeit, die Dienste des Shops zu nutzen<\/li><li>Unm\u00f6glichkeit, im Gesch\u00e4ft einzukaufen<\/li><li>Unm\u00f6glichkeit, Informationen \u00fcber Werbeaktionen oder Sonderangebote im Laden zu erhalten<\/li><\/ul><p>Die M\u00f6glichkeit, die Einwilligung zu widerrufen:<\/p><ul><li>Die Verarbeitung von Daten bis zum Widerruf Ihrer Einwilligung bleibt jederzeit rechtm\u00e4\u00dfig.<\/li><\/ul><p><strong>PROFILING<\/strong> Im Shop k\u00f6nnen wir anhand der von Ihnen bereitgestellten personenbezogenen Daten bestimmte Inhalte automatisch an Ihre Bed\u00fcrfnisse, d. h. Ihr Profil, anpassen.<\/p><p>Sollte das Profiling zu Entscheidungen f\u00fchren, die rechtliche Auswirkungen auf Sie haben oder Sie in \u00e4hnlich erheblicher Weise beeintr\u00e4chtigen, werden wir es nur mit Ihrer Zustimmung durchf\u00fchren.<\/p><p>Denken Sie daran, dass Sie Ihre Einwilligung jederzeit widerrufen k\u00f6nnen. Die Verarbeitung von Daten bis zum Widerruf Ihrer Einwilligung bleibt rechtm\u00e4\u00dfig.<\/p><p><strong>DATENVERARBEITUNGSZEITRAUM<\/strong> Wir verarbeiten Ihre Daten nur f\u00fcr den Zeitraum, in dem wir eine Rechtsgrundlage daf\u00fcr haben, d.h. bis:<\/p><ul><li>Wir sind nicht mehr gesetzlich verpflichtet, Ihre Daten zu verarbeiten<\/li><li>Die M\u00f6glichkeit der Feststellung, Verfolgung oder Abwehr von Anspr\u00fcchen im Zusammenhang mit dem vom Laden geschlossenen Vertrag durch die Parteien entf\u00e4llt<\/li><li>Sie widerrufen Ihre Zustimmung zur Datenverarbeitung, wenn diese die Grundlage f\u00fcr die Verarbeitung war<\/li><li>Ihr Widerspruch gegen die Verarbeitung Ihrer personenbezogenen Daten wird akzeptiert - wenn die Grundlage f\u00fcr die Verarbeitung Ihrer Daten ein berechtigtes Interesse des Verwalters war oder wenn die Daten zu Zwecken der Direktwerbung, einschlie\u00dflich Profiling, verarbeitet wurden<\/li><li>Es kommt darauf an, was im Einzelfall gilt und was zuletzt geschieht.<\/li><\/ul><p><strong>DATENSICHERHEIT<\/strong> Bei der Verarbeitung Ihrer personenbezogenen Daten setzen wir organisatorische und technische Ma\u00dfnahmen ein, die den einschl\u00e4gigen gesetzlichen Bestimmungen entsprechen.<\/p><p><strong>IHRE RECHTE<\/strong> Sie haben das Recht, einen Antrag zu stellen:<\/p><ul><li><p>Zugang zu Ihren pers\u00f6nlichen Daten<\/p><\/li><li><p>Ihre Berichtigung<\/p><\/li><li><p>L\u00f6schung<\/p><\/li><li><p>Einschr\u00e4nkungen bei der Verarbeitung<\/p><\/li><li><p>\u00dcbertragung von Daten an einen anderen Verwalter Und auch:<\/p><\/li><li><p>Sie k\u00f6nnen jederzeit der Verarbeitung Ihrer Daten widersprechen:<\/p><ul><li>Aus Gr\u00fcnden, die sich aus Ihrer besonderen Situation ergeben - in Bezug auf die Verarbeitung Ihrer personenbezogenen Daten, basierend auf Art. 6(1)(f) GDPR (d.h. auf rechtlich begr\u00fcndeten Interessen, die der Verwalter verfolgt), einschlie\u00dflich Profiling auf der Grundlage dieser Vorschriften<\/li><li>Wenn personenbezogene Daten zu Zwecken der Direktwerbung, einschlie\u00dflich Profiling, verarbeitet werden, soweit die Verarbeitung mit dieser Direktwerbung zusammenh\u00e4ngt.<\/li><\/ul><\/li><\/ul><p>Nehmen Sie Kontakt mit uns auf, wenn Sie Ihre Rechte wahrnehmen m\u00f6chten.<\/p><p>Wenn Sie der Meinung sind, dass Ihre Daten unrechtm\u00e4\u00dfig verarbeitet werden, k\u00f6nnen Sie eine Beschwerde bei der Aufsichtsbeh\u00f6rde einreichen.<\/p><p><strong>COOKIES<\/strong> Unser Shop verwendet, wie die meisten Websites, so genannte Cookies. Diese Dateien:<\/p><ul><li>im Speicher Ihres Ger\u00e4ts (Computer, Telefon usw.) gespeichert sind<\/li><li>Ihnen unter anderem die Nutzung aller Funktionen des Stores erm\u00f6glichen<\/li><li>Nehmen Sie keine \u00c4nderungen an Ihren Ger\u00e4teeinstellungen vor<\/li><\/ul><p>Sie k\u00f6nnen die entsprechenden Optionen Ihres Browsers verwenden:<\/p><ul><li><p>Cookies l\u00f6schen<\/p><\/li><li><p>Blockieren Sie die Verwendung von Cookies in Zukunft In diesem Shop werden Cookies verwendet, um:<\/p><\/li><li><p>Informationen \u00fcber Ihre Sitzung speichern<\/p><\/li><li><p>Statistische Zwecke<\/p><\/li><li><p>Marketing-Zwecke<\/p><\/li><li><p>Store-Funktionen bereitstellen<\/p><\/li><\/ul><p>In der Hilfe Ihres Browsers erfahren Sie, wie Sie Cookies verwalten k\u00f6nnen und wie Sie deren Handhabung in Ihrem Browser deaktivieren k\u00f6nnen. Sie k\u00f6nnen sich mit diesen Informationen vertraut machen, indem Sie im Browser die Taste F1 dr\u00fccken. Au\u00dferdem finden Sie je nach verwendetem Browser auf den folgenden Unterseiten entsprechende Tipps:<\/p><ul><li>Firefox<\/li><li>Chrom<\/li><li>Safari<\/li><li>Internet Explorer \/ Microsoft Edge<\/li><\/ul><p>Weitere Informationen \u00fcber Cookies finden Sie in Wikipedia.<\/p><p><strong>EXTERNE DIENSTE \/ DATENEMPF\u00c4NGER<\/strong> Wir nehmen die Dienste externer Stellen in Anspruch, an die Ihre Daten weitergegeben werden k\u00f6nnen. Nachstehend finden Sie eine Liste der m\u00f6glichen Empf\u00e4nger Ihrer Daten:<\/p><ul><li>Softwareanbieter, die f\u00fcr den Betrieb eines Online-Shops erforderlich sind<\/li><li>Unternehmen, das Waren liefert<\/li><li>Zahlungsanbieter<\/li><li>Anbieter von Software zur Erleichterung von Gesch\u00e4ftsabl\u00e4ufen (z. B. Buchhaltungssoftware)<\/li><li>Einrichtung, die uns technische Unterst\u00fctzung leistet<\/li><li>Einrichtung, die Marketingdienstleistungen erbringt<\/li><li>Einrichtung, die statistische Dienstleistungen erbringt<\/li><li>Zust\u00e4ndige Beh\u00f6rden, soweit der Verwalter verpflichtet ist, ihnen Daten zur Verf\u00fcgung zu stellen<\/li><\/ul><p><strong>KONTAKT MIT DEM VERWALTER<\/strong> M\u00f6chten Sie Ihre Rechte in Bezug auf personenbezogene Daten wahrnehmen?<\/p><p>Oder m\u00f6chten Sie vielleicht nur eine Frage zu unseren Datenschutzbestimmungen stellen?<\/p><p>Schreiben Sie an die E-Mail Adresse: <a href=\"mailto:contact@masterofcity.com\" target=\"_new\">contact@masterofcity.com<\/a><\/p><p><strong>Datenschutzrichtlinie von Master of City Store<\/strong><\/p><p>Lieber Benutzer,<\/p><p>Wir sch\u00e4tzen Ihre Privatsph\u00e4re und sind bestrebt, die Nutzung unserer Anwendungen, einschlie\u00dflich Master of City London, Master of City Paris, Master of City Rom, Master of City New York, Master of City Warschau und Master of City Krakau, f\u00fcr Sie so angenehm wie m\u00f6glich zu gestalten. Diese Richtlinie enth\u00e4lt wichtige Informationen \u00fcber die Verarbeitung Ihrer pers\u00f6nlichen Daten und die Verwendung von Cookies durch unseren Shop, in \u00dcbereinstimmung mit der Allgemeinen Datenschutzverordnung (GDPR).<\/p><p><strong>Verwalter<\/strong><br \/>ANDRZEJ SZCZE\u015aNIAK, handelnd unter dem Namen IMEDIA GROUP ANDRZEJ SZCZE\u015aNIAK, eingetragen im Zentralregister und in der Information \u00fcber die Wirtschaftst\u00e4tigkeit, mit Sitz in der Stra\u00dfe Rogalskiego 12\/33, 03-918 Warschau.<\/p><p><strong>Pers\u00f6nliche Daten und Datenschutz<\/strong><br \/>Bei der Einrichtung eines Benutzerkontos und der Nutzung unserer Dienste werden Sie um die Angabe personenbezogener Daten gebeten, die f\u00fcr das Funktionieren unseres Shops und seiner Dienste, einschlie\u00dflich der verschiedenen von uns angebotenen stadtspezifischen Anwendungen, verarbeitet werden.<\/p><p><strong>Datenerhebung und -verwendung<\/strong><br \/>Zus\u00e4tzlich zu den zuvor genannten Verwendungszwecken sammeln und verwenden wir Kontaktlisten, Bilder und Dateien f\u00fcr die folgenden Zwecke:<\/p><ul><li>Verbesserung der Nutzererfahrung in unseren stadtspezifischen Anwendungen<\/li><li>Pers\u00f6nliche, auf die jeweilige Stadt zugeschnittene Dienstleistungen anbieten<\/li><li>Verbesserung unserer Dienstleistungen auf der Grundlage der regionalen und stadtspezifischen Bed\u00fcrfnisse<\/li><li>Marketing- und Werbema\u00dfnahmen im Zusammenhang mit unserer Anwendungssuite<\/li><\/ul><p>Die Verarbeitung dieser Daten erfolgt auf der Grundlage Ihrer Einwilligung und unserer berechtigten Interessen.<\/p><p><strong>Datensicherheit<\/strong><br \/>Wir setzen organisatorische und technische Ma\u00dfnahmen zum Schutz Ihrer Daten ein, die den gesetzlichen Vorgaben entsprechen.<\/p><p><strong>Ihre Rechte<\/strong><br \/>Sie haben das Recht auf Zugang, Berichtigung, L\u00f6schung, Einschr\u00e4nkung der Verarbeitung oder \u00dcbertragung Ihrer Daten. Sie k\u00f6nnen auch der Datenverarbeitung aus bestimmten Gr\u00fcnden oder f\u00fcr Direktmarketingzwecke widersprechen.<\/p><p><strong>Cookies<\/strong><br \/>Unser Shop und unsere Anwendungen verwenden Cookies, um Sitzungsinformationen zu speichern, f\u00fcr statistische und Marketingzwecke sowie zur Bereitstellung von Shop-Funktionen. Sie k\u00f6nnen Cookies \u00fcber Ihre Browsereinstellungen verwalten.<\/p><p><strong>Externe Dienste\/Datenempf\u00e4nger<\/strong><br \/>Ihre Daten k\u00f6nnen je nach Bedarf an Einrichtungen wie Softwareanbieter, Lieferdienste, Zahlungsanbieter und Beh\u00f6rden weitergegeben werden.<\/p><p><strong>Kontakt<\/strong><br \/>Wenn Sie Fragen haben oder Ihre Datenschutzrechte wahrnehmen m\u00f6chten, wenden Sie sich an uns unter <a href=\"mailto:biuro@masterofcity.com\" target=\"_new\">contact@masterofcity.com<\/a>.<\/p><\/div><\/div><\/div>\t\t\t\t\t\t\t\t<\/div>\n\t\t\t\t<\/div>\n\t\t\t\t\t<\/div>\n\t\t<\/div>\n\t\t\t\t\t<\/div>\n\t\t<\/section>\n\t\t\t\t<\/div>","protected":false},"excerpt":{"rendered":"<p>Datenschutzerkl\u00e4rung von Master of City Store Sehr geehrter Benutzer! Wir k\u00fcmmern uns um Ihre Privatsph\u00e4re und m\u00f6chten, dass Sie sich bei der Nutzung unserer Dienste wohl f\u00fchlen. Deshalb stellen wir Ihnen im Folgenden die wichtigsten Informationen \u00fcber die Regeln der Verarbeitung Ihrer pers\u00f6nlichen Daten und der Cookies, die von unserem Shop verwendet werden, zur Verf\u00fcgung. Diese Informationen wurden vorbereitet [...]<\/p>","protected":false},"author":1,"featured_media":0,"parent":0,"menu_order":0,"comment_status":"closed","ping_status":"closed","template":"elementor_header_footer","meta":{"site-sidebar-layout":"default","site-content-layout":"","ast-site-content-layout":"default","site-content-style":"default","site-sidebar-style":"default","ast-global-header-display":"","ast-banner-title-visibility":"","ast-main-header-display":"","ast-hfb-above-header-display":"","ast-hfb-below-header-display":"","ast-hfb-mobile-header-display":"","site-post-title":"","ast-breadcrumbs-content":"","ast-featured-img":"","footer-sml-layout":"","ast-disable-related-posts":"","theme-transparent-header-meta":"","adv-header-id-meta":"","stick-header-meta":"","header-above-stick-meta":"","header-main-stick-meta":"","header-below-stick-meta":"","astra-migrate-meta-layouts":"set","ast-page-background-enabled":"default","ast-page-background-meta":{"desktop":{"background-color":"var(--ast-global-color-4)","background-image":"","background-repeat":"repeat","background-position":"center center","background-size":"auto","background-attachment":"scroll","background-type":"","background-media":"","overlay-type":"","overlay-color":"","overlay-opacity":"","overlay-gradient":""},"tablet":{"background-color":"","background-image":"","background-repeat":"repeat","background-position":"center center","background-size":"auto","background-attachment":"scroll","background-type":"","background-media":"","overlay-type":"","overlay-color":"","overlay-opacity":"","overlay-gradient":""},"mobile":{"background-color":"","background-image":"","background-repeat":"repeat","background-position":"center center","background-size":"auto","background-attachment":"scroll","background-type":"","background-media":"","overlay-type":"","overlay-color":"","overlay-opacity":"","overlay-gradient":""}},"ast-content-background-meta":{"desktop":{"background-color":"var(--ast-global-color-5)","background-image":"","background-repeat":"repeat","background-position":"center center","background-size":"auto","background-attachment":"scroll","background-type":"","background-media":"","overlay-type":"","overlay-color":"","overlay-opacity":"","overlay-gradient":""},"tablet":{"background-color":"var(--ast-global-color-5)","background-image":"","background-repeat":"repeat","background-position":"center center","background-size":"auto","background-attachment":"scroll","background-type":"","background-media":"","overlay-type":"","overlay-color":"","overlay-opacity":"","overlay-gradient":""},"mobile":{"background-color":"var(--ast-global-color-5)","background-image":"","background-repeat":"repeat","background-position":"center center","background-size":"auto","background-attachment":"scroll","background-type":"","background-media":"","overlay-type":"","overlay-color":"","overlay-opacity":"","overlay-gradient":""}},"footnotes":""},"class_list":["post-2270","page","type-page","status-publish","hentry"],"yoast_head":"<!-- This site is optimized with the Yoast SEO plugin v26.6 - https:\/\/yoast.com\/wordpress\/plugins\/seo\/ -->\n<title>Master of City Privacy Policy<\/title>\n<meta name=\"robots\" content=\"index, follow, max-snippet:-1, max-image-preview:large, max-video-preview:-1\" \/>\n<link rel=\"canonical\" href=\"https:\/\/masterofcity.com\/de\/privacy-policy\/\" \/>\n<meta property=\"og:locale\" content=\"de_DE\" \/>\n<meta property=\"og:type\" content=\"article\" \/>\n<meta property=\"og:title\" content=\"Master of City Privacy Policy\" \/>\n<meta property=\"og:description\" content=\"Privacy Policy of Master of City Store Dear User! We care about your privacy and want you to feel comfortable while using our services. Therefore, below we present you with the most crucial information about the rules of processing your personal data and cookies, which are used by our Store. This information has been prepared [&hellip;]\" \/>\n<meta property=\"og:url\" content=\"https:\/\/masterofcity.com\/de\/privacy-policy\/\" \/>\n<meta property=\"og:site_name\" content=\"Master of City\" \/>\n<meta property=\"article:modified_time\" content=\"2023-11-21T08:14:35+00:00\" \/>\n<meta property=\"og:image\" content=\"https:\/\/masterofcity.com\/wp-content\/uploads\/2024\/12\/Group-382-scaled.jpg\" \/>\n\t<meta property=\"og:image:width\" content=\"1674\" \/>\n\t<meta property=\"og:image:height\" content=\"2560\" \/>\n\t<meta property=\"og:image:type\" content=\"image\/jpeg\" \/>\n<meta name=\"twitter:card\" content=\"summary_large_image\" \/>\n<meta name=\"twitter:label1\" content=\"Gesch\u00e4tzte Lesezeit\" \/>\n\t<meta name=\"twitter:data1\" content=\"6\u00a0Minuten\" \/>\n<script type=\"application\/ld+json\" class=\"yoast-schema-graph\">{\"@context\":\"https:\/\/schema.org\",\"@graph\":[{\"@type\":\"WebPage\",\"@id\":\"https:\/\/masterofcity.com\/privacy-policy\/\",\"url\":\"https:\/\/masterofcity.com\/privacy-policy\/\",\"name\":\"Master of City Privacy Policy\",\"isPartOf\":{\"@id\":\"https:\/\/masterofcity.com\/#website\"},\"datePublished\":\"2023-10-04T13:22:07+00:00\",\"dateModified\":\"2023-11-21T08:14:35+00:00\",\"breadcrumb\":{\"@id\":\"https:\/\/masterofcity.com\/privacy-policy\/#breadcrumb\"},\"inLanguage\":\"de\",\"potentialAction\":[{\"@type\":\"ReadAction\",\"target\":[\"https:\/\/masterofcity.com\/privacy-policy\/\"]}]},{\"@type\":\"BreadcrumbList\",\"@id\":\"https:\/\/masterofcity.com\/privacy-policy\/#breadcrumb\",\"itemListElement\":[{\"@type\":\"ListItem\",\"position\":1,\"name\":\"Home\",\"item\":\"https:\/\/masterofcity.com\/\"},{\"@type\":\"ListItem\",\"position\":2,\"name\":\"Privacy Policy\"}]},{\"@type\":\"WebSite\",\"@id\":\"https:\/\/masterofcity.com\/#website\",\"url\":\"https:\/\/masterofcity.com\/\",\"name\":\"Master of City\",\"description\":\"\",\"publisher\":{\"@id\":\"https:\/\/masterofcity.com\/#organization\"},\"potentialAction\":[{\"@type\":\"SearchAction\",\"target\":{\"@type\":\"EntryPoint\",\"urlTemplate\":\"https:\/\/masterofcity.com\/?s={search_term_string}\"},\"query-input\":{\"@type\":\"PropertyValueSpecification\",\"valueRequired\":true,\"valueName\":\"search_term_string\"}}],\"inLanguage\":\"de\"},{\"@type\":\"Organization\",\"@id\":\"https:\/\/masterofcity.com\/#organization\",\"name\":\"Master of City\",\"url\":\"https:\/\/masterofcity.com\/\",\"logo\":{\"@type\":\"ImageObject\",\"inLanguage\":\"de\",\"@id\":\"https:\/\/masterofcity.com\/#\/schema\/logo\/image\/\",\"url\":\"https:\/\/masterofcity.com\/wp-content\/uploads\/2023\/07\/puste-1.jpg\",\"contentUrl\":\"https:\/\/masterofcity.com\/wp-content\/uploads\/2023\/07\/puste-1.jpg\",\"width\":1622,\"height\":526,\"caption\":\"Master of City\"},\"image\":{\"@id\":\"https:\/\/masterofcity.com\/#\/schema\/logo\/image\/\"}}]}<\/script>\n<!-- \/ Yoast SEO plugin. -->","yoast_head_json":{"title":"Master of City Privacy Policy","robots":{"index":"index","follow":"follow","max-snippet":"max-snippet:-1","max-image-preview":"max-image-preview:large","max-video-preview":"max-video-preview:-1"},"canonical":"https:\/\/masterofcity.com\/de\/privacy-policy\/","og_locale":"de_DE","og_type":"article","og_title":"Master of City Privacy Policy","og_description":"Privacy Policy of Master of City Store Dear User! We care about your privacy and want you to feel comfortable while using our services. Therefore, below we present you with the most crucial information about the rules of processing your personal data and cookies, which are used by our Store. This information has been prepared [&hellip;]","og_url":"https:\/\/masterofcity.com\/de\/privacy-policy\/","og_site_name":"Master of City","article_modified_time":"2023-11-21T08:14:35+00:00","og_image":[{"width":1674,"height":2560,"url":"https:\/\/masterofcity.com\/wp-content\/uploads\/2024\/12\/Group-382-scaled.jpg","type":"image\/jpeg"}],"twitter_card":"summary_large_image","twitter_misc":{"Gesch\u00e4tzte Lesezeit":"6\u00a0Minuten"},"schema":{"@context":"https:\/\/schema.org","@graph":[{"@type":"WebPage","@id":"https:\/\/masterofcity.com\/privacy-policy\/","url":"https:\/\/masterofcity.com\/privacy-policy\/","name":"Master of City Privacy Policy","isPartOf":{"@id":"https:\/\/masterofcity.com\/#website"},"datePublished":"2023-10-04T13:22:07+00:00","dateModified":"2023-11-21T08:14:35+00:00","breadcrumb":{"@id":"https:\/\/masterofcity.com\/privacy-policy\/#breadcrumb"},"inLanguage":"de","potentialAction":[{"@type":"ReadAction","target":["https:\/\/masterofcity.com\/privacy-policy\/"]}]},{"@type":"BreadcrumbList","@id":"https:\/\/masterofcity.com\/privacy-policy\/#breadcrumb","itemListElement":[{"@type":"ListItem","position":1,"name":"Home","item":"https:\/\/masterofcity.com\/"},{"@type":"ListItem","position":2,"name":"Privacy Policy"}]},{"@type":"WebSite","@id":"https:\/\/masterofcity.com\/#website","url":"https:\/\/masterofcity.com\/","name":"Master of City","description":"","publisher":{"@id":"https:\/\/masterofcity.com\/#organization"},"potentialAction":[{"@type":"SearchAction","target":{"@type":"EntryPoint","urlTemplate":"https:\/\/masterofcity.com\/?s={search_term_string}"},"query-input":{"@type":"PropertyValueSpecification","valueRequired":true,"valueName":"search_term_string"}}],"inLanguage":"de"},{"@type":"Organization","@id":"https:\/\/masterofcity.com\/#organization","name":"Master of City","url":"https:\/\/masterofcity.com\/","logo":{"@type":"ImageObject","inLanguage":"de","@id":"https:\/\/masterofcity.com\/#\/schema\/logo\/image\/","url":"https:\/\/masterofcity.com\/wp-content\/uploads\/2023\/07\/puste-1.jpg","contentUrl":"https:\/\/masterofcity.com\/wp-content\/uploads\/2023\/07\/puste-1.jpg","width":1622,"height":526,"caption":"Master of City"},"image":{"@id":"https:\/\/masterofcity.com\/#\/schema\/logo\/image\/"}}]}},"_links":{"self":[{"href":"https:\/\/masterofcity.com\/de\/wp-json\/wp\/v2\/pages\/2270","targetHints":{"allow":["GET"]}}],"collection":[{"href":"https:\/\/masterofcity.com\/de\/wp-json\/wp\/v2\/pages"}],"about":[{"href":"https:\/\/masterofcity.com\/de\/wp-json\/wp\/v2\/types\/page"}],"author":[{"embeddable":true,"href":"https:\/\/masterofcity.com\/de\/wp-json\/wp\/v2\/users\/1"}],"replies":[{"embeddable":true,"href":"https:\/\/masterofcity.com\/de\/wp-json\/wp\/v2\/comments?post=2270"}],"version-history":[{"count":29,"href":"https:\/\/masterofcity.com\/de\/wp-json\/wp\/v2\/pages\/2270\/revisions"}],"predecessor-version":[{"id":3347,"href":"https:\/\/masterofcity.com\/de\/wp-json\/wp\/v2\/pages\/2270\/revisions\/3347"}],"wp:attachment":[{"href":"https:\/\/masterofcity.com\/de\/wp-json\/wp\/v2\/media?parent=2270"}],"curies":[{"name":"wp","href":"https:\/\/api.w.org\/{rel}","templated":true}]}}