{"id":2277,"date":"2023-10-04T14:01:06","date_gmt":"2023-10-04T14:01:06","guid":{"rendered":"https:\/\/masterofcity.com\/?page_id=2277"},"modified":"2023-10-05T14:16:05","modified_gmt":"2023-10-05T14:16:05","slug":"terms-of-service","status":"publish","type":"page","link":"https:\/\/masterofcity.com\/de\/terms-of-service\/","title":{"rendered":"Bedingungen der Dienstleistung"},"content":{"rendered":"<div data-elementor-type=\"wp-page\" data-elementor-id=\"2277\" class=\"elementor elementor-2277\" data-elementor-post-type=\"page\">\n\t\t\t\t\t\t<section class=\"elementor-section elementor-top-section elementor-element elementor-element-727274e elementor-section-boxed elementor-section-height-default elementor-section-height-default\" data-id=\"727274e\" data-element_type=\"section\">\n\t\t\t\t\t\t<div class=\"elementor-container elementor-column-gap-default\">\n\t\t\t\t\t<div class=\"elementor-column elementor-col-100 elementor-top-column elementor-element elementor-element-cfa7461\" data-id=\"cfa7461\" data-element_type=\"column\">\n\t\t\t<div class=\"elementor-widget-wrap\">\n\t\t\t\t\t\t\t<\/div>\n\t\t<\/div>\n\t\t\t\t\t<\/div>\n\t\t<\/section>\n\t\t\t\t<section class=\"elementor-section elementor-top-section elementor-element elementor-element-3e0aef1 elementor-section-boxed elementor-section-height-default elementor-section-height-default\" data-id=\"3e0aef1\" data-element_type=\"section\">\n\t\t\t\t\t\t<div class=\"elementor-container elementor-column-gap-default\">\n\t\t\t\t\t<div class=\"elementor-column elementor-col-100 elementor-top-column elementor-element elementor-element-5230097\" data-id=\"5230097\" data-element_type=\"column\">\n\t\t\t<div class=\"elementor-widget-wrap elementor-element-populated\">\n\t\t\t\t\t\t<div class=\"elementor-element elementor-element-3028cfc elementor-widget elementor-widget-text-editor\" data-id=\"3028cfc\" data-element_type=\"widget\" data-widget_type=\"text-editor.default\">\n\t\t\t\t<div class=\"elementor-widget-container\">\n\t\t\t\t\t\t\t\t\t<p><strong>R\u00fccktritt vom Vertrag<\/strong><\/p><p>Wenn Sie Verbraucher sind, haben Sie in der Regel das Recht, von einem Fernabsatzvertrag zur\u00fcckzutreten.<\/p><p>Sie k\u00f6nnen vom Vertrag zur\u00fccktreten, indem Sie uns eine R\u00fccktrittserkl\u00e4rung z. B. per E-Mail zusenden: <a href=\"mailto:returns@masterofcity.com\" target=\"_new\">returns@masterofcity.com<\/a><\/p><p>Schicken Sie den Artikel umgehend an die folgende Adresse zur\u00fcck: DTW Logistics Sp. z o.o. Sp. k., ul. Zag\u00f3rska 54, 42-500 B\u0119dzin, sp\u00e4testens jedoch innerhalb von 14 Tagen ab dem Tag, an dem Sie vom Vertrag zur\u00fcckgetreten sind.<\/p><p>Sie k\u00f6nnen innerhalb von 14 Tagen vom Vertrag zur\u00fccktreten.<\/p><p>Es beginnt die 14-t\u00e4gige Widerrufsfrist f\u00fcr den Vertrag:<\/p><ul><li>Bei einem Vertrag, bei dem wir eine Sache liefern, sind wir verpflichtet, deren Eigentum zu \u00fcbertragen - ab dem Zeitpunkt, an dem Sie oder ein von Ihnen benannter Dritter, der nicht der Bef\u00f6rderer ist, die Ware in Besitz genommen hat,<\/li><li>F\u00fcr digitale Inhalte - ab dem Tag des Vertragsabschlusses. Um die Frist einzuhalten, reicht es aus, die Erkl\u00e4rung vor ihrem Ablauf abzusenden.<\/li><\/ul><p>Die von Ihnen geleisteten Zahlungen, einschlie\u00dflich der Kosten f\u00fcr die Lieferung der Waren gem\u00e4\u00df den Bestimmungen, werden unverz\u00fcglich, sp\u00e4testens jedoch innerhalb von 14 Tagen nach Eingang Ihrer Widerrufserkl\u00e4rung, zur\u00fcckerstattet.<\/p><p>Wir k\u00f6nnen die R\u00fcckzahlung der von Ihnen erhaltenen Zahlung so lange zur\u00fcckhalten, bis wir den Artikel zur\u00fcckerhalten haben oder bis Sie den Nachweis f\u00fcr die R\u00fcckgabe erbracht haben, je nachdem, welches Ereignis zuerst eintritt.<\/p><p>Denken Sie daran, dass das Widerrufsrecht bei Fernabsatzvertr\u00e4gen unter anderem f\u00fcr Verbraucher nicht gilt:<\/p><ul><li>Wenn es sich bei dem Gegenstand der Dienstleistung um einen nicht vorgefertigten Gegenstand handelt, der nach den Spezifikationen des Verbrauchers hergestellt wird oder der Befriedigung seiner individuellen Bed\u00fcrfnisse dient,<\/li><li>Wenn es sich bei dem Gegenstand der Dienstleistung um einen Gegenstand handelt, der schnell verrottet oder eine kurze Haltbarkeit hat,<\/li><li>Wenn es sich bei dem Gegenstand der Dienstleistung um einen Artikel handelt, der in einer versiegelten Verpackung geliefert wird, die aus Gr\u00fcnden des Gesundheitsschutzes oder der Hygiene nach dem \u00d6ffnen (Auspacken) nicht zur\u00fcckgegeben werden kann. Detaillierte Informationen zum R\u00fccktritt vom Vertrag finden Sie in unseren Verkaufsbedingungen.<\/li><\/ul><p><strong>Beanstandungen<\/strong> Wenn sich das von Ihnen gekaufte Produkt als fehlerhaft erweist, haben Sie das Recht, einen Garantieanspruch geltend zu machen. Am besten ist es, eine Beschwerde per E-Mail einzureichen: <a href=\"mailto:complaints@masterofcity.com\" target=\"_new\">complaints@masterofcity.com<\/a> oder per Post an die Adresse: DTW Logistics Sp. z o.o. Sp. k., ul. Zag\u00f3rska 54, 42-500 B\u0119dzin.<\/p><p>Senden Sie die reklamierte Sendung an die folgende Adresse: DTW Logistics Sp. z o.o. Sp. k., ul. Zag\u00f3rska 54, 42-500 B\u0119dzin.<\/p><p>Im Zusammenhang mit dem Mangel k\u00f6nnen Sie verlangen:<\/p><ul><li><p>Ersatz des Artikels durch einen mangelfreien Artikel,<\/p><\/li><li><p>Behebung des Mangels, oder Abgabe einer Erkl\u00e4rung \u00fcber:<\/p><\/li><li><p>Erm\u00e4\u00dfigung des Preises,<\/p><\/li><li><p>R\u00fccktritt vom Vertrag - bei Vorliegen eines erheblichen Mangels. Wir haften Ihnen gegen\u00fcber f\u00fcr M\u00e4ngel, die innerhalb eines Jahres ab dem Ausstellungsdatum der Ware festgestellt werden.<\/p><\/li><\/ul><p>In der Regel k\u00f6nnen Sie innerhalb eines Jahres nach Feststellung des Mangels reklamieren, aber die Reklamationsfrist endet nicht vor Ablauf der Haftungsfrist des Verk\u00e4ufers.<\/p><p>Ihre (adressierte) Beschwerde wird innerhalb von 14 Tagen nach Eingang der Beschwerde bearbeitet.<\/p><p>Weitere Informationen \u00fcber Reklamationen finden Sie in unserer Verkaufsordnung.<\/p><p><strong>Beschwerdeformular<\/strong><\/p>\t\t\t\t\t\t\t\t<\/div>\n\t\t\t\t<\/div>\n\t\t\t\t\t<\/div>\n\t\t<\/div>\n\t\t\t\t\t<\/div>\n\t\t<\/section>\n\t\t\t\t<\/div>","protected":false},"excerpt":{"rendered":"<p>R\u00fccktritt vom Vertrag Wenn Sie Verbraucher sind, haben Sie in der Regel das Recht, von einem Fernabsatzvertrag zur\u00fcckzutreten. Sie k\u00f6nnen vom Vertrag zur\u00fccktreten, indem Sie uns eine R\u00fccktrittserkl\u00e4rung z.B. per E-Mail an: returns@masterofcity.com senden und die Ware unverz\u00fcglich an die Adresse: DTW Logistics Sp. z [...]<\/p>","protected":false},"author":1,"featured_media":0,"parent":0,"menu_order":0,"comment_status":"closed","ping_status":"closed","template":"","meta":{"site-sidebar-layout":"no-sidebar","site-content-layout":"page-builder","ast-site-content-layout":"full-width-container","site-content-style":"default","site-sidebar-style":"default","ast-global-header-display":"","ast-banner-title-visibility":"","ast-main-header-display":"","ast-hfb-above-header-display":"","ast-hfb-below-header-display":"","ast-hfb-mobile-header-display":"","site-post-title":"disabled","ast-breadcrumbs-content":"","ast-featured-img":"disabled","footer-sml-layout":"","ast-disable-related-posts":"","theme-transparent-header-meta":"","adv-header-id-meta":"","stick-header-meta":"","header-above-stick-meta":"","header-main-stick-meta":"","header-below-stick-meta":"","astra-migrate-meta-layouts":"set","ast-page-background-enabled":"default","ast-page-background-meta":{"desktop":{"background-color":"var(--ast-global-color-4)","background-image":"","background-repeat":"repeat","background-position":"center center","background-size":"auto","background-attachment":"scroll","background-type":"","background-media":"","overlay-type":"","overlay-color":"","overlay-opacity":"","overlay-gradient":""},"tablet":{"background-color":"","background-image":"","background-repeat":"repeat","background-position":"center center","background-size":"auto","background-attachment":"scroll","background-type":"","background-media":"","overlay-type":"","overlay-color":"","overlay-opacity":"","overlay-gradient":""},"mobile":{"background-color":"","background-image":"","background-repeat":"repeat","background-position":"center center","background-size":"auto","background-attachment":"scroll","background-type":"","background-media":"","overlay-type":"","overlay-color":"","overlay-opacity":"","overlay-gradient":""}},"ast-content-background-meta":{"desktop":{"background-color":"var(--ast-global-color-5)","background-image":"","background-repeat":"repeat","background-position":"center center","background-size":"auto","background-attachment":"scroll","background-type":"","background-media":"","overlay-type":"","overlay-color":"","overlay-opacity":"","overlay-gradient":""},"tablet":{"background-color":"var(--ast-global-color-5)","background-image":"","background-repeat":"repeat","background-position":"center center","background-size":"auto","background-attachment":"scroll","background-type":"","background-media":"","overlay-type":"","overlay-color":"","overlay-opacity":"","overlay-gradient":""},"mobile":{"background-color":"var(--ast-global-color-5)","background-image":"","background-repeat":"repeat","background-position":"center center","background-size":"auto","background-attachment":"scroll","background-type":"","background-media":"","overlay-type":"","overlay-color":"","overlay-opacity":"","overlay-gradient":""}},"footnotes":""},"class_list":["post-2277","page","type-page","status-publish","hentry"],"yoast_head":"<!-- This site is optimized with the Yoast SEO plugin v26.6 - https:\/\/yoast.com\/wordpress\/plugins\/seo\/ -->\n<title>Master of City Terms of Service<\/title>\n<meta name=\"robots\" content=\"index, follow, max-snippet:-1, max-image-preview:large, max-video-preview:-1\" \/>\n<link rel=\"canonical\" href=\"https:\/\/masterofcity.com\/de\/terms-of-service\/\" \/>\n<meta property=\"og:locale\" content=\"de_DE\" \/>\n<meta property=\"og:type\" content=\"article\" \/>\n<meta property=\"og:title\" content=\"Master of City Terms of Service\" \/>\n<meta property=\"og:description\" content=\"Withdrawal from the contract If you are a consumer &#8211; as a rule, you have the right to withdraw from a distance contract. You can withdraw from the contract by sending us a statement of withdrawal, for example, by email to: returns@masterofcity.com Return the item to us immediately at the address: DTW Logistics Sp. z [&hellip;]\" \/>\n<meta property=\"og:url\" content=\"https:\/\/masterofcity.com\/de\/terms-of-service\/\" \/>\n<meta property=\"og:site_name\" content=\"Master of City\" \/>\n<meta property=\"article:modified_time\" content=\"2023-10-05T14:16:05+00:00\" \/>\n<meta property=\"og:image\" content=\"https:\/\/masterofcity.com\/wp-content\/uploads\/2024\/12\/Group-382-scaled.jpg\" \/>\n\t<meta property=\"og:image:width\" content=\"1674\" \/>\n\t<meta property=\"og:image:height\" content=\"2560\" \/>\n\t<meta property=\"og:image:type\" content=\"image\/jpeg\" \/>\n<meta name=\"twitter:card\" content=\"summary_large_image\" \/>\n<meta name=\"twitter:label1\" content=\"Gesch\u00e4tzte Lesezeit\" \/>\n\t<meta name=\"twitter:data1\" content=\"3\u00a0Minuten\" \/>\n<script type=\"application\/ld+json\" class=\"yoast-schema-graph\">{\"@context\":\"https:\/\/schema.org\",\"@graph\":[{\"@type\":\"WebPage\",\"@id\":\"https:\/\/masterofcity.com\/terms-of-service\/\",\"url\":\"https:\/\/masterofcity.com\/terms-of-service\/\",\"name\":\"Master of City Terms of Service\",\"isPartOf\":{\"@id\":\"https:\/\/masterofcity.com\/#website\"},\"datePublished\":\"2023-10-04T14:01:06+00:00\",\"dateModified\":\"2023-10-05T14:16:05+00:00\",\"breadcrumb\":{\"@id\":\"https:\/\/masterofcity.com\/terms-of-service\/#breadcrumb\"},\"inLanguage\":\"de\",\"potentialAction\":[{\"@type\":\"ReadAction\",\"target\":[\"https:\/\/masterofcity.com\/terms-of-service\/\"]}]},{\"@type\":\"BreadcrumbList\",\"@id\":\"https:\/\/masterofcity.com\/terms-of-service\/#breadcrumb\",\"itemListElement\":[{\"@type\":\"ListItem\",\"position\":1,\"name\":\"Home\",\"item\":\"https:\/\/masterofcity.com\/\"},{\"@type\":\"ListItem\",\"position\":2,\"name\":\"Terms of Service\"}]},{\"@type\":\"WebSite\",\"@id\":\"https:\/\/masterofcity.com\/#website\",\"url\":\"https:\/\/masterofcity.com\/\",\"name\":\"Master of City\",\"description\":\"\",\"publisher\":{\"@id\":\"https:\/\/masterofcity.com\/#organization\"},\"potentialAction\":[{\"@type\":\"SearchAction\",\"target\":{\"@type\":\"EntryPoint\",\"urlTemplate\":\"https:\/\/masterofcity.com\/?s={search_term_string}\"},\"query-input\":{\"@type\":\"PropertyValueSpecification\",\"valueRequired\":true,\"valueName\":\"search_term_string\"}}],\"inLanguage\":\"de\"},{\"@type\":\"Organization\",\"@id\":\"https:\/\/masterofcity.com\/#organization\",\"name\":\"Master of City\",\"url\":\"https:\/\/masterofcity.com\/\",\"logo\":{\"@type\":\"ImageObject\",\"inLanguage\":\"de\",\"@id\":\"https:\/\/masterofcity.com\/#\/schema\/logo\/image\/\",\"url\":\"https:\/\/masterofcity.com\/wp-content\/uploads\/2023\/07\/puste-1.jpg\",\"contentUrl\":\"https:\/\/masterofcity.com\/wp-content\/uploads\/2023\/07\/puste-1.jpg\",\"width\":1622,\"height\":526,\"caption\":\"Master of City\"},\"image\":{\"@id\":\"https:\/\/masterofcity.com\/#\/schema\/logo\/image\/\"}}]}<\/script>\n<!-- \/ Yoast SEO plugin. -->","yoast_head_json":{"title":"Master of City Terms of Service","robots":{"index":"index","follow":"follow","max-snippet":"max-snippet:-1","max-image-preview":"max-image-preview:large","max-video-preview":"max-video-preview:-1"},"canonical":"https:\/\/masterofcity.com\/de\/terms-of-service\/","og_locale":"de_DE","og_type":"article","og_title":"Master of City Terms of Service","og_description":"Withdrawal from the contract If you are a consumer &#8211; as a rule, you have the right to withdraw from a distance contract. You can withdraw from the contract by sending us a statement of withdrawal, for example, by email to: returns@masterofcity.com Return the item to us immediately at the address: DTW Logistics Sp. z [&hellip;]","og_url":"https:\/\/masterofcity.com\/de\/terms-of-service\/","og_site_name":"Master of City","article_modified_time":"2023-10-05T14:16:05+00:00","og_image":[{"width":1674,"height":2560,"url":"https:\/\/masterofcity.com\/wp-content\/uploads\/2024\/12\/Group-382-scaled.jpg","type":"image\/jpeg"}],"twitter_card":"summary_large_image","twitter_misc":{"Gesch\u00e4tzte Lesezeit":"3\u00a0Minuten"},"schema":{"@context":"https:\/\/schema.org","@graph":[{"@type":"WebPage","@id":"https:\/\/masterofcity.com\/terms-of-service\/","url":"https:\/\/masterofcity.com\/terms-of-service\/","name":"Master of City Terms of Service","isPartOf":{"@id":"https:\/\/masterofcity.com\/#website"},"datePublished":"2023-10-04T14:01:06+00:00","dateModified":"2023-10-05T14:16:05+00:00","breadcrumb":{"@id":"https:\/\/masterofcity.com\/terms-of-service\/#breadcrumb"},"inLanguage":"de","potentialAction":[{"@type":"ReadAction","target":["https:\/\/masterofcity.com\/terms-of-service\/"]}]},{"@type":"BreadcrumbList","@id":"https:\/\/masterofcity.com\/terms-of-service\/#breadcrumb","itemListElement":[{"@type":"ListItem","position":1,"name":"Home","item":"https:\/\/masterofcity.com\/"},{"@type":"ListItem","position":2,"name":"Terms of Service"}]},{"@type":"WebSite","@id":"https:\/\/masterofcity.com\/#website","url":"https:\/\/masterofcity.com\/","name":"Master of City","description":"","publisher":{"@id":"https:\/\/masterofcity.com\/#organization"},"potentialAction":[{"@type":"SearchAction","target":{"@type":"EntryPoint","urlTemplate":"https:\/\/masterofcity.com\/?s={search_term_string}"},"query-input":{"@type":"PropertyValueSpecification","valueRequired":true,"valueName":"search_term_string"}}],"inLanguage":"de"},{"@type":"Organization","@id":"https:\/\/masterofcity.com\/#organization","name":"Master of City","url":"https:\/\/masterofcity.com\/","logo":{"@type":"ImageObject","inLanguage":"de","@id":"https:\/\/masterofcity.com\/#\/schema\/logo\/image\/","url":"https:\/\/masterofcity.com\/wp-content\/uploads\/2023\/07\/puste-1.jpg","contentUrl":"https:\/\/masterofcity.com\/wp-content\/uploads\/2023\/07\/puste-1.jpg","width":1622,"height":526,"caption":"Master of City"},"image":{"@id":"https:\/\/masterofcity.com\/#\/schema\/logo\/image\/"}}]}},"_links":{"self":[{"href":"https:\/\/masterofcity.com\/de\/wp-json\/wp\/v2\/pages\/2277","targetHints":{"allow":["GET"]}}],"collection":[{"href":"https:\/\/masterofcity.com\/de\/wp-json\/wp\/v2\/pages"}],"about":[{"href":"https:\/\/masterofcity.com\/de\/wp-json\/wp\/v2\/types\/page"}],"author":[{"embeddable":true,"href":"https:\/\/masterofcity.com\/de\/wp-json\/wp\/v2\/users\/1"}],"replies":[{"embeddable":true,"href":"https:\/\/masterofcity.com\/de\/wp-json\/wp\/v2\/comments?post=2277"}],"version-history":[{"count":4,"href":"https:\/\/masterofcity.com\/de\/wp-json\/wp\/v2\/pages\/2277\/revisions"}],"predecessor-version":[{"id":2893,"href":"https:\/\/masterofcity.com\/de\/wp-json\/wp\/v2\/pages\/2277\/revisions\/2893"}],"wp:attachment":[{"href":"https:\/\/masterofcity.com\/de\/wp-json\/wp\/v2\/media?parent=2277"}],"curies":[{"name":"wp","href":"https:\/\/api.w.org\/{rel}","templated":true}]}}