{"id":3338,"date":"2023-11-19T00:12:32","date_gmt":"2023-11-19T00:12:32","guid":{"rendered":"https:\/\/masterofcity.com\/?page_id=3338"},"modified":"2023-11-19T00:13:08","modified_gmt":"2023-11-19T00:13:08","slug":"privacy-policy-app","status":"publish","type":"page","link":"https:\/\/masterofcity.com\/es\/privacy-policy-app\/","title":{"rendered":"Pol\u00edtica de privacidad"},"content":{"rendered":"<div data-elementor-type=\"wp-page\" data-elementor-id=\"3338\" class=\"elementor elementor-3338\" data-elementor-post-type=\"page\">\n\t\t\t\t\t\t<section class=\"elementor-section elementor-top-section elementor-element elementor-element-13274af7 elementor-section-boxed elementor-section-height-default elementor-section-height-default\" data-id=\"13274af7\" data-element_type=\"section\">\n\t\t\t\t\t\t<div class=\"elementor-container elementor-column-gap-default\">\n\t\t\t\t\t<div class=\"elementor-column elementor-col-100 elementor-top-column elementor-element elementor-element-3266d5bd\" data-id=\"3266d5bd\" data-element_type=\"column\">\n\t\t\t<div class=\"elementor-widget-wrap elementor-element-populated\">\n\t\t\t\t\t\t<div class=\"elementor-element elementor-element-5c71afb6 elementor-widget elementor-widget-text-editor\" data-id=\"5c71afb6\" data-element_type=\"widget\" data-widget_type=\"text-editor.default\">\n\t\t\t\t<div class=\"elementor-widget-container\">\n\t\t\t\t\t\t\t\t\t<div><div><div><p><strong>Pol\u00edtica de privacidad de Master of City Store<\/strong><\/p><p>Estimado usuario<\/p><p>Nos preocupamos por su privacidad y queremos que se sienta c\u00f3modo mientras utiliza nuestros servicios. Por lo tanto, a continuaci\u00f3n le presentamos la informaci\u00f3n m\u00e1s crucial sobre las normas de tratamiento de sus datos personales y las cookies, que son utilizadas por nuestra Tienda. Esta informaci\u00f3n se ha elaborado teniendo en cuenta el GDPR, es decir, el Reglamento General de Protecci\u00f3n de Datos.<\/p><p><strong>ADMINISTRADOR DE DATOS PERSONALES (\"Administrador\")<\/strong> ANDRZEJ SZCZE\u015aNIAK, empresario que dirige una empresa bajo el nombre IMEDIA GROUP ANDRZEJ SZCZE\u015aNIAK, inscrita en el Registro Central e Informaci\u00f3n sobre Actividades Econ\u00f3micas dirigido por el ministro responsable de econom\u00eda y Registro Central e Informaci\u00f3n sobre Actividades Econ\u00f3micas, N\u00famero de Identificaci\u00f3n Fiscal (NIP) 5260055621, n\u00famero REGON 010054933, calle Rogalskiego 12\/33, 03-918 Varsovia.<\/p><p><strong>DATOS PERSONALES Y PRIVACIDAD<\/strong> Si tiene intenci\u00f3n de crear una Cuenta de Usuario y utilizar nuestros servicios, se le pedir\u00e1 que nos facilite sus datos personales. Sus datos son tratados por nosotros para los fines enumerados a continuaci\u00f3n relacionados con el funcionamiento de la Tienda y los servicios ofrecidos en ella (\"Servicios\").<\/p><p>Finalidad del tratamiento:<\/p><p>Dependiendo de lo que decidas, puede ser:<\/p><ul><li>Prestaci\u00f3n de servicios ofrecidos en la Tienda<\/li><li>Cumplimiento de sus pedidos<\/li><li>Comercializaci\u00f3n directa de los servicios ofrecidos, salvo el bolet\u00edn de noticias<\/li><li>Env\u00edo del bolet\u00edn<\/li><\/ul><p>Base del tratamiento:<\/p><ul><li>Contrato de venta o medidas adoptadas a petici\u00f3n suya para su celebraci\u00f3n (art\u00edculo 6, apartado 1, letra b) del RGPD).<\/li><li>Obligaci\u00f3n legal que nos vincula, por ejemplo, relacionada con la contabilidad (Art. 6(1)(c) GDPR)<\/li><li>Su consentimiento expresado en la Tienda (Art. 6(1)(a) GDPR)<\/li><li>Contrato de prestaci\u00f3n de servicios o medidas adoptadas a petici\u00f3n suya para su celebraci\u00f3n (art\u00edculo 6, apartado 1, letra b) del RGPD).<\/li><li>Nuestro inter\u00e9s leg\u00edtimo en el tratamiento de datos para determinar, perseguir o defender posibles reclamaciones (art. 6(1)(f) GDPR)<\/li><li>Nuestro inter\u00e9s leg\u00edtimo en el marketing directo (Art. 6(1)(f) GDPR)<\/li><li>Nuestro inter\u00e9s leg\u00edtimo en el tratamiento de datos con fines anal\u00edticos y estad\u00edsticos (Art. 6(1)(f) GDPR)<\/li><li>Nuestro inter\u00e9s leg\u00edtimo en la investigaci\u00f3n de la satisfacci\u00f3n del cliente (Art. 6(1)(f) GDPR)<\/li><\/ul><p>Proporcionar datos:<\/p><ul><li>Voluntario, pero en algunos casos puede ser necesario celebrar un contrato.<\/li><\/ul><p>Consecuencias de no facilitar datos:<\/p><p>En funci\u00f3n de la finalidad para la que se faciliten los datos:<\/p><ul><li>Imposibilidad de registrarse en la Tienda<\/li><li>Imposibilidad de utilizar los servicios de la Tienda<\/li><li>Imposibilidad de realizar compras en la Tienda<\/li><li>Imposibilidad de recibir informaci\u00f3n sobre promociones u ofertas especiales en la Tienda<\/li><\/ul><p>La posibilidad de retirar el consentimiento:<\/p><ul><li>En cualquier momento El tratamiento de datos hasta que retire su consentimiento sigue siendo l\u00edcito.<\/li><\/ul><p><strong>PERFILAR<\/strong> En la Tienda, podemos adaptar autom\u00e1ticamente determinados contenidos a sus necesidades, es decir, a su perfil, utilizando los datos personales que nos facilite.<\/p><p>Si la elaboraci\u00f3n de perfiles da lugar a decisiones que tengan efectos jur\u00eddicos sobre usted o que le afecten de manera igualmente significativa, s\u00f3lo la llevaremos a cabo con su consentimiento.<\/p><p>Recuerde que puede retirar su consentimiento en cualquier momento. El tratamiento de datos hasta que retire su consentimiento sigue siendo l\u00edcito.<\/p><p><strong>PERIODO DE TRATAMIENTO DE DATOS<\/strong> Trataremos sus datos s\u00f3lo durante el periodo en el que tengamos una base legal para ello, es decir, hasta:<\/p><ul><li>Ya no estamos legalmente obligados a tratar sus datos<\/li><li>Cesar\u00e1 la posibilidad de las partes de determinar, perseguir o defender cualquier reclamaci\u00f3n relacionada con el contrato celebrado por la Tienda<\/li><li>Usted retira su consentimiento al tratamiento de datos si \u00e9ste era su base<\/li><li>Se aceptar\u00e1 su oposici\u00f3n al tratamiento de sus datos personales - si la base para el tratamiento de sus datos era un inter\u00e9s leg\u00edtimo del administrador o si los datos se trataron con fines de mercadotecnia directa, incluida la elaboraci\u00f3n de perfiles.<\/li><li>Depende de lo que se aplique en cada caso y de lo que vaya a ocurrir en \u00faltimo lugar.<\/li><\/ul><p><strong>SEGURIDAD DE LOS DATOS<\/strong> Al procesar sus datos personales, utilizamos medidas organizativas y t\u00e9cnicas conformes con las disposiciones legales pertinentes.<\/p><p><strong>SUS DERECHOS<\/strong> Tiene derecho a solicitar:<\/p><ul><li><p>Acceso a sus datos personales<\/p><\/li><li><p>Su rectificaci\u00f3n<\/p><\/li><li><p>Supresi\u00f3n<\/p><\/li><li><p>Restricciones de tratamiento<\/p><\/li><li><p>Transferencia de datos a otro administrador Y tambi\u00e9n:<\/p><\/li><li><p>Oponerse en cualquier momento al tratamiento de sus datos:<\/p><ul><li>Por razones relacionadas con su situaci\u00f3n particular - en t\u00e9rminos de tratamiento de sus datos personales, basado en el Art. 6(1)(f) GDPR (es decir, en intereses legalmente justificados perseguidos por el administrador), incluida la elaboraci\u00f3n de perfiles basada en esta normativa.<\/li><li>Si los datos personales se tratan con fines de mercadotecnia directa, incluida la elaboraci\u00f3n de perfiles, en la medida en que el tratamiento est\u00e9 relacionado con dicha mercadotecnia directa.<\/li><\/ul><\/li><\/ul><p>P\u00f3ngase en contacto con nosotros si desea ejercer sus derechos.<\/p><p>Si cree que el tratamiento de sus datos es ilegal, puede presentar una denuncia ante la autoridad de control.<\/p><p><strong>COOKIES<\/strong> Nuestra Tienda, como la mayor\u00eda de los sitios web, utiliza las llamadas cookies. Estos archivos:<\/p><ul><li>Se almacenan en la memoria de su dispositivo (ordenador, tel\u00e9fono, etc.)<\/li><li>Permitirle, entre otras cosas, utilizar todas las funciones de la Tienda<\/li><li>No modifique la configuraci\u00f3n de su dispositivo<\/li><\/ul><p>Utilizando las opciones adecuadas de tu navegador, puedes:<\/p><ul><li><p>Borrar cookies<\/p><\/li><li><p>Bloquear el uso de cookies en el futuro En esta Tienda, las cookies se utilizan para:<\/p><\/li><li><p>Recuerde la informaci\u00f3n sobre su sesi\u00f3n<\/p><\/li><li><p>Fines estad\u00edsticos<\/p><\/li><li><p>Fines comerciales<\/p><\/li><li><p>Proporcionar funciones de tienda<\/p><\/li><\/ul><p>Para saber c\u00f3mo gestionar las cookies, incluyendo c\u00f3mo desactivar su gesti\u00f3n en su navegador, puede utilizar el archivo de ayuda de su navegador. Puede familiarizarse con esta informaci\u00f3n pulsando la tecla F1 del navegador. Adem\u00e1s, puede encontrar consejos apropiados en las siguientes subp\u00e1ginas, dependiendo del navegador que utilice:<\/p><ul><li>Firefox<\/li><li>Cromo<\/li><li>Safari<\/li><li>Internet Explorer \/ Microsoft Edge<\/li><\/ul><p>Puede encontrar m\u00e1s informaci\u00f3n sobre las cookies en Wikipedia.<\/p><p><strong>SERVICIOS EXTERNOS \/ DESTINATARIOS DE LOS DATOS<\/strong> Utilizamos los servicios de entidades externas a las que pueden transferirse sus datos. A continuaci\u00f3n figura una lista de posibles destinatarios de sus datos:<\/p><ul><li>Proveedor de software necesario para gestionar una tienda en l\u00ednea<\/li><li>Entidad que entrega las mercanc\u00edas<\/li><li>Proveedor de pagos<\/li><li>Proveedor de software que facilita las operaciones empresariales (por ejemplo, software de contabilidad)<\/li><li>Entidad que nos presta asistencia t\u00e9cnica<\/li><li>Entidad que presta servicios de comercializaci\u00f3n<\/li><li>Entidad que presta servicios estad\u00edsticos<\/li><li>Autoridades p\u00fablicas competentes en la medida en que el Administrador est\u00e9 obligado a facilitarles datos<\/li><\/ul><p><strong>CONTACTO CON EL ADMINISTRADOR<\/strong> \u00bfDesea ejercer sus derechos sobre datos personales?<\/p><p>\u00bfO tal vez s\u00f3lo quiere preguntar algo relacionado con nuestra Pol\u00edtica de privacidad?<\/p><p>Escribe a la direcci\u00f3n de correo electr\u00f3nico: <a href=\"mailto:contact@masterofcity.com\" target=\"_new\">contact@masterofcity.com<\/a><\/p><p><strong>Pol\u00edtica de privacidad de Master of City Store<\/strong><\/p><p>Estimado usuario,<\/p><p>Valoramos su privacidad y nos esforzamos por garantizar su comodidad mientras utiliza nuestro conjunto de aplicaciones, incluidas Master of City London, Master of City Paris, Master of City Rome, Master of City New York, Master of City Warsaw y Master of City Cracow. Esta pol\u00edtica proporciona informaci\u00f3n crucial sobre el tratamiento de sus datos personales y el uso de cookies por parte de nuestra Tienda, en consonancia con el Reglamento General de Protecci\u00f3n de Datos (RGPD).<\/p><p><strong>Administrador<\/strong><br \/>ANDRZEJ SZCZE\u015aNIAK, que ejerce su actividad empresarial bajo el nombre de IMEDIA GROUP ANDRZEJ SZCZE\u015aNIAK, inscrita en el Registro Central e Informaci\u00f3n de Actividades Econ\u00f3micas, con domicilio social en la calle Rogalskiego 12\/33, 03-918 Varsovia.<\/p><p><strong>Datos personales y privacidad<\/strong><br \/>Al crear una cuenta de usuario y utilizar nuestros servicios, se le pedir\u00e1n datos personales, procesados para el funcionamiento de nuestra Tienda y sus servicios, incluida la diversa gama de aplicaciones espec\u00edficas para cada ciudad que ofrecemos.<\/p><p><strong>Recogida y uso de datos<\/strong><br \/>Adem\u00e1s de los usos mencionados anteriormente, recopilamos y utilizamos Im\u00e1genes y Archivos para los siguientes fines:<\/p><ul><li>Mejorar la experiencia del usuario en nuestras aplicaciones espec\u00edficas para cada ciudad<\/li><li>Prestaci\u00f3n de servicios personalizados adaptados a cada ciudad<\/li><li>Mejorar nuestros servicios en funci\u00f3n de las necesidades regionales y municipales<\/li><li>Actividades de marketing y promoci\u00f3n relacionadas con nuestro conjunto de aplicaciones<\/li><\/ul><p>El tratamiento de estos datos se basa en su consentimiento y en nuestros intereses leg\u00edtimos.<\/p><p><strong>Seguridad de los datos<\/strong><br \/>Empleamos medidas organizativas y t\u00e9cnicas para proteger sus datos, cumpliendo las normas legales.<\/p><p><strong>Sus derechos<\/strong><br \/>Tiene derecho a acceder a sus datos, rectificarlos, suprimirlos, limitar su tratamiento o transferirlos. Tambi\u00e9n puede oponerse al tratamiento de datos por motivos espec\u00edficos o con fines de marketing directo.<\/p><p><strong>Cookies<\/strong><br \/>Nuestra Tienda y nuestras aplicaciones utilizan cookies para recordar la informaci\u00f3n de la sesi\u00f3n, con fines estad\u00edsticos y de marketing, y para proporcionar funciones de la Tienda. Puede gestionar las cookies a trav\u00e9s de la configuraci\u00f3n de su navegador.<\/p><p><strong>Servicios externos\/Destinatarios de datos<\/strong><br \/>Sus datos pueden ser compartidos con entidades como proveedores de software, servicios de entrega, proveedores de pago y autoridades p\u00fablicas, seg\u00fan sea necesario.<\/p><p><strong>P\u00f3ngase en contacto con<\/strong><br \/>Para cualquier pregunta o para ejercer sus derechos sobre los datos, p\u00f3ngase en contacto con nosotros en <a href=\"mailto:contact@masterofcity.com\" target=\"_new\">contact@masterofcity.com<\/a>.<\/p><\/div><\/div><\/div>\t\t\t\t\t\t\t\t<\/div>\n\t\t\t\t<\/div>\n\t\t\t\t\t<\/div>\n\t\t<\/div>\n\t\t\t\t\t<\/div>\n\t\t<\/section>\n\t\t\t\t<\/div>","protected":false},"excerpt":{"rendered":"<p>Pol\u00edtica de privacidad de Master of City Store \u00a1Querido usuario! Nos preocupamos por su privacidad y queremos que se sienta c\u00f3modo al utilizar nuestros servicios. Por lo tanto, a continuaci\u00f3n le presentamos la informaci\u00f3n m\u00e1s importante sobre las normas de tratamiento de sus datos personales y las cookies, que son utilizados por nuestra Tienda. Esta informaci\u00f3n ha sido preparada [...]<\/p>","protected":false},"author":3,"featured_media":0,"parent":0,"menu_order":0,"comment_status":"closed","ping_status":"closed","template":"elementor_header_footer","meta":{"site-sidebar-layout":"no-sidebar","site-content-layout":"page-builder","ast-site-content-layout":"full-width-container","site-content-style":"default","site-sidebar-style":"default","ast-global-header-display":"","ast-banner-title-visibility":"","ast-main-header-display":"","ast-hfb-above-header-display":"","ast-hfb-below-header-display":"","ast-hfb-mobile-header-display":"","site-post-title":"disabled","ast-breadcrumbs-content":"","ast-featured-img":"disabled","footer-sml-layout":"","ast-disable-related-posts":"","theme-transparent-header-meta":"","adv-header-id-meta":"","stick-header-meta":"","header-above-stick-meta":"","header-main-stick-meta":"","header-below-stick-meta":"","astra-migrate-meta-layouts":"set","ast-page-background-enabled":"default","ast-page-background-meta":{"desktop":{"background-color":"var(--ast-global-color-4)","background-image":"","background-repeat":"repeat","background-position":"center center","background-size":"auto","background-attachment":"scroll","background-type":"","background-media":"","overlay-type":"","overlay-color":"","overlay-opacity":"","overlay-gradient":""},"tablet":{"background-color":"","background-image":"","background-repeat":"repeat","background-position":"center center","background-size":"auto","background-attachment":"scroll","background-type":"","background-media":"","overlay-type":"","overlay-color":"","overlay-opacity":"","overlay-gradient":""},"mobile":{"background-color":"","background-image":"","background-repeat":"repeat","background-position":"center center","background-size":"auto","background-attachment":"scroll","background-type":"","background-media":"","overlay-type":"","overlay-color":"","overlay-opacity":"","overlay-gradient":""}},"ast-content-background-meta":{"desktop":{"background-color":"var(--ast-global-color-5)","background-image":"","background-repeat":"repeat","background-position":"center center","background-size":"auto","background-attachment":"scroll","background-type":"","background-media":"","overlay-type":"","overlay-color":"","overlay-opacity":"","overlay-gradient":""},"tablet":{"background-color":"var(--ast-global-color-5)","background-image":"","background-repeat":"repeat","background-position":"center center","background-size":"auto","background-attachment":"scroll","background-type":"","background-media":"","overlay-type":"","overlay-color":"","overlay-opacity":"","overlay-gradient":""},"mobile":{"background-color":"var(--ast-global-color-5)","background-image":"","background-repeat":"repeat","background-position":"center center","background-size":"auto","background-attachment":"scroll","background-type":"","background-media":"","overlay-type":"","overlay-color":"","overlay-opacity":"","overlay-gradient":""}},"footnotes":""},"class_list":["post-3338","page","type-page","status-publish","hentry"],"yoast_head":"<!-- This site is optimized with the Yoast SEO plugin v26.6 - https:\/\/yoast.com\/wordpress\/plugins\/seo\/ -->\n<title>Master of City Privacy Policy App<\/title>\n<meta name=\"robots\" content=\"index, follow, max-snippet:-1, max-image-preview:large, max-video-preview:-1\" \/>\n<link rel=\"canonical\" href=\"https:\/\/masterofcity.com\/es\/privacy-policy-app\/\" \/>\n<meta property=\"og:locale\" content=\"es_ES\" \/>\n<meta property=\"og:type\" content=\"article\" \/>\n<meta property=\"og:title\" content=\"Master of City Privacy Policy App\" \/>\n<meta property=\"og:description\" content=\"Privacy Policy of Master of City Store Dear User! We care about your privacy and want you to feel comfortable while using our services. Therefore, below we present you with the most crucial information about the rules of processing your personal data and cookies, which are used by our Store. This information has been prepared [&hellip;]\" \/>\n<meta property=\"og:url\" content=\"https:\/\/masterofcity.com\/es\/privacy-policy-app\/\" \/>\n<meta property=\"og:site_name\" content=\"Master of City\" \/>\n<meta property=\"article:modified_time\" content=\"2023-11-19T00:13:08+00:00\" \/>\n<meta property=\"og:image\" content=\"https:\/\/masterofcity.com\/wp-content\/uploads\/2024\/12\/Group-382-scaled.jpg\" \/>\n\t<meta property=\"og:image:width\" content=\"1674\" \/>\n\t<meta property=\"og:image:height\" content=\"2560\" \/>\n\t<meta property=\"og:image:type\" content=\"image\/jpeg\" \/>\n<meta name=\"twitter:card\" content=\"summary_large_image\" \/>\n<script type=\"application\/ld+json\" class=\"yoast-schema-graph\">{\"@context\":\"https:\/\/schema.org\",\"@graph\":[{\"@type\":\"WebPage\",\"@id\":\"https:\/\/masterofcity.com\/privacy-policy-app\/\",\"url\":\"https:\/\/masterofcity.com\/privacy-policy-app\/\",\"name\":\"Master of City Privacy Policy App\",\"isPartOf\":{\"@id\":\"https:\/\/masterofcity.com\/#website\"},\"datePublished\":\"2023-11-19T00:12:32+00:00\",\"dateModified\":\"2023-11-19T00:13:08+00:00\",\"breadcrumb\":{\"@id\":\"https:\/\/masterofcity.com\/privacy-policy-app\/#breadcrumb\"},\"inLanguage\":\"es\",\"potentialAction\":[{\"@type\":\"ReadAction\",\"target\":[\"https:\/\/masterofcity.com\/privacy-policy-app\/\"]}]},{\"@type\":\"BreadcrumbList\",\"@id\":\"https:\/\/masterofcity.com\/privacy-policy-app\/#breadcrumb\",\"itemListElement\":[{\"@type\":\"ListItem\",\"position\":1,\"name\":\"Home\",\"item\":\"https:\/\/masterofcity.com\/\"},{\"@type\":\"ListItem\",\"position\":2,\"name\":\"Privacy Policy App\"}]},{\"@type\":\"WebSite\",\"@id\":\"https:\/\/masterofcity.com\/#website\",\"url\":\"https:\/\/masterofcity.com\/\",\"name\":\"Master of City\",\"description\":\"\",\"publisher\":{\"@id\":\"https:\/\/masterofcity.com\/#organization\"},\"potentialAction\":[{\"@type\":\"SearchAction\",\"target\":{\"@type\":\"EntryPoint\",\"urlTemplate\":\"https:\/\/masterofcity.com\/?s={search_term_string}\"},\"query-input\":{\"@type\":\"PropertyValueSpecification\",\"valueRequired\":true,\"valueName\":\"search_term_string\"}}],\"inLanguage\":\"es\"},{\"@type\":\"Organization\",\"@id\":\"https:\/\/masterofcity.com\/#organization\",\"name\":\"Master of City\",\"url\":\"https:\/\/masterofcity.com\/\",\"logo\":{\"@type\":\"ImageObject\",\"inLanguage\":\"es\",\"@id\":\"https:\/\/masterofcity.com\/#\/schema\/logo\/image\/\",\"url\":\"https:\/\/masterofcity.com\/wp-content\/uploads\/2023\/07\/puste-1.jpg\",\"contentUrl\":\"https:\/\/masterofcity.com\/wp-content\/uploads\/2023\/07\/puste-1.jpg\",\"width\":1622,\"height\":526,\"caption\":\"Master of City\"},\"image\":{\"@id\":\"https:\/\/masterofcity.com\/#\/schema\/logo\/image\/\"}}]}<\/script>\n<!-- \/ Yoast SEO plugin. -->","yoast_head_json":{"title":"Master of City Privacy Policy App","robots":{"index":"index","follow":"follow","max-snippet":"max-snippet:-1","max-image-preview":"max-image-preview:large","max-video-preview":"max-video-preview:-1"},"canonical":"https:\/\/masterofcity.com\/es\/privacy-policy-app\/","og_locale":"es_ES","og_type":"article","og_title":"Master of City Privacy Policy App","og_description":"Privacy Policy of Master of City Store Dear User! We care about your privacy and want you to feel comfortable while using our services. Therefore, below we present you with the most crucial information about the rules of processing your personal data and cookies, which are used by our Store. This information has been prepared [&hellip;]","og_url":"https:\/\/masterofcity.com\/es\/privacy-policy-app\/","og_site_name":"Master of City","article_modified_time":"2023-11-19T00:13:08+00:00","og_image":[{"width":1674,"height":2560,"url":"https:\/\/masterofcity.com\/wp-content\/uploads\/2024\/12\/Group-382-scaled.jpg","type":"image\/jpeg"}],"twitter_card":"summary_large_image","schema":{"@context":"https:\/\/schema.org","@graph":[{"@type":"WebPage","@id":"https:\/\/masterofcity.com\/privacy-policy-app\/","url":"https:\/\/masterofcity.com\/privacy-policy-app\/","name":"Master of City Privacy Policy App","isPartOf":{"@id":"https:\/\/masterofcity.com\/#website"},"datePublished":"2023-11-19T00:12:32+00:00","dateModified":"2023-11-19T00:13:08+00:00","breadcrumb":{"@id":"https:\/\/masterofcity.com\/privacy-policy-app\/#breadcrumb"},"inLanguage":"es","potentialAction":[{"@type":"ReadAction","target":["https:\/\/masterofcity.com\/privacy-policy-app\/"]}]},{"@type":"BreadcrumbList","@id":"https:\/\/masterofcity.com\/privacy-policy-app\/#breadcrumb","itemListElement":[{"@type":"ListItem","position":1,"name":"Home","item":"https:\/\/masterofcity.com\/"},{"@type":"ListItem","position":2,"name":"Privacy Policy App"}]},{"@type":"WebSite","@id":"https:\/\/masterofcity.com\/#website","url":"https:\/\/masterofcity.com\/","name":"Master of City","description":"","publisher":{"@id":"https:\/\/masterofcity.com\/#organization"},"potentialAction":[{"@type":"SearchAction","target":{"@type":"EntryPoint","urlTemplate":"https:\/\/masterofcity.com\/?s={search_term_string}"},"query-input":{"@type":"PropertyValueSpecification","valueRequired":true,"valueName":"search_term_string"}}],"inLanguage":"es"},{"@type":"Organization","@id":"https:\/\/masterofcity.com\/#organization","name":"Master of City","url":"https:\/\/masterofcity.com\/","logo":{"@type":"ImageObject","inLanguage":"es","@id":"https:\/\/masterofcity.com\/#\/schema\/logo\/image\/","url":"https:\/\/masterofcity.com\/wp-content\/uploads\/2023\/07\/puste-1.jpg","contentUrl":"https:\/\/masterofcity.com\/wp-content\/uploads\/2023\/07\/puste-1.jpg","width":1622,"height":526,"caption":"Master of City"},"image":{"@id":"https:\/\/masterofcity.com\/#\/schema\/logo\/image\/"}}]}},"_links":{"self":[{"href":"https:\/\/masterofcity.com\/es\/wp-json\/wp\/v2\/pages\/3338","targetHints":{"allow":["GET"]}}],"collection":[{"href":"https:\/\/masterofcity.com\/es\/wp-json\/wp\/v2\/pages"}],"about":[{"href":"https:\/\/masterofcity.com\/es\/wp-json\/wp\/v2\/types\/page"}],"author":[{"embeddable":true,"href":"https:\/\/masterofcity.com\/es\/wp-json\/wp\/v2\/users\/3"}],"replies":[{"embeddable":true,"href":"https:\/\/masterofcity.com\/es\/wp-json\/wp\/v2\/comments?post=3338"}],"version-history":[{"count":4,"href":"https:\/\/masterofcity.com\/es\/wp-json\/wp\/v2\/pages\/3338\/revisions"}],"predecessor-version":[{"id":3343,"href":"https:\/\/masterofcity.com\/es\/wp-json\/wp\/v2\/pages\/3338\/revisions\/3343"}],"wp:attachment":[{"href":"https:\/\/masterofcity.com\/es\/wp-json\/wp\/v2\/media?parent=3338"}],"curies":[{"name":"wp","href":"https:\/\/api.w.org\/{rel}","templated":true}]}}