{"id":2270,"date":"2023-10-04T13:22:07","date_gmt":"2023-10-04T13:22:07","guid":{"rendered":"https:\/\/masterofcity.com\/?page_id=2270"},"modified":"2023-11-21T08:14:35","modified_gmt":"2023-11-21T08:14:35","slug":"privacy-policy","status":"publish","type":"page","link":"https:\/\/masterofcity.com\/fr\/privacy-policy\/","title":{"rendered":"Politique de confidentialit\u00e9"},"content":{"rendered":"<div data-elementor-type=\"wp-page\" data-elementor-id=\"2270\" class=\"elementor elementor-2270\" data-elementor-post-type=\"page\">\n\t\t\t\t\t\t<section class=\"elementor-section elementor-top-section elementor-element elementor-element-b53a9ec elementor-section-boxed elementor-section-height-default elementor-section-height-default\" data-id=\"b53a9ec\" data-element_type=\"section\">\n\t\t\t\t\t\t<div class=\"elementor-container elementor-column-gap-default\">\n\t\t\t\t\t<div class=\"elementor-column elementor-col-100 elementor-top-column elementor-element elementor-element-b7dc103\" data-id=\"b7dc103\" data-element_type=\"column\">\n\t\t\t<div class=\"elementor-widget-wrap elementor-element-populated\">\n\t\t\t\t\t\t<div class=\"elementor-element elementor-element-d3bbc36 elementor-widget elementor-widget-text-editor\" data-id=\"d3bbc36\" data-element_type=\"widget\" data-widget_type=\"text-editor.default\">\n\t\t\t\t<div class=\"elementor-widget-container\">\n\t\t\t\t\t\t\t\t\t<div><div><div><p><strong>Politique de confidentialit\u00e9 de Master of City Store<\/strong><\/p><p>Cher utilisateur !<\/p><p>Nous nous soucions de votre vie priv\u00e9e et souhaitons que vous vous sentiez \u00e0 l'aise lorsque vous utilisez nos services. C'est pourquoi nous vous pr\u00e9sentons ci-dessous les informations les plus importantes concernant les r\u00e8gles de traitement de vos donn\u00e9es personnelles et les cookies utilis\u00e9s par notre boutique. Ces informations ont \u00e9t\u00e9 pr\u00e9par\u00e9es en tenant compte du GDPR, c'est-\u00e0-dire du R\u00e8glement g\u00e9n\u00e9ral sur la protection des donn\u00e9es.<\/p><p><strong>ADMINISTRATEUR DES DONN\u00c9ES PERSONNELLES (\"Administrateur\")<\/strong> ANDRZEJ SZCZE\u015aNIAK, entrepreneur exploitant une entreprise sous le nom de IMEDIA GROUP ANDRZEJ SZCZE\u015aNIAK, inscrit au registre central et \u00e0 l'information sur l'activit\u00e9 \u00e9conomique g\u00e9r\u00e9s par le ministre responsable de l'\u00e9conomie et du registre central et de l'information sur l'activit\u00e9 \u00e9conomique, num\u00e9ro d'identification fiscale (NIP) 5260055621, num\u00e9ro REGON 010054933, rue Rogalskiego 12\/33, 03-918 Varsovie.<\/p><p><strong>DONN\u00c9ES PERSONNELLES ET VIE PRIV\u00c9E<\/strong> Si vous avez l'intention de cr\u00e9er un compte d'utilisateur et d'utiliser nos services, il vous sera demand\u00e9 de nous fournir vos donn\u00e9es personnelles. Nous traitons vos donn\u00e9es aux fins \u00e9num\u00e9r\u00e9es ci-dessous, li\u00e9es au fonctionnement du magasin et aux services qui y sont propos\u00e9s (\"services\").<\/p><p>Objectif du traitement :<\/p><p>En fonction de ce que vous d\u00e9ciderez, ce sera peut-\u00eatre le cas :<\/p><ul><li>Fournir les services propos\u00e9s dans le magasin<\/li><li>Ex\u00e9cution des commandes<\/li><li>Marketing direct des services propos\u00e9s, autres que la lettre d'information<\/li><li>Envoi du bulletin d'information<\/li><\/ul><p>Base de traitement :<\/p><ul><li>Contrat de vente ou actions entreprises \u00e0 votre demande en vue de sa conclusion (article 6, paragraphe 1, point b), du RGPD)<\/li><li>Obligation l\u00e9gale nous liant, par exemple en mati\u00e8re de comptabilit\u00e9 (article 6, paragraphe 1, point c), du RGPD)<\/li><li>Votre consentement exprim\u00e9 dans le magasin (Art. 6(1)(a) GDPR)<\/li><li>Contrat de prestation de services ou actions entreprises \u00e0 votre demande en vue de sa conclusion (article 6, paragraphe 1, point b), du RGPD)<\/li><li>Notre int\u00e9r\u00eat l\u00e9gitime \u00e0 traiter les donn\u00e9es pour d\u00e9terminer, poursuivre ou d\u00e9fendre des r\u00e9clamations potentielles (article 6, paragraphe 1, point f), du RGPD).<\/li><li>Notre int\u00e9r\u00eat l\u00e9gitime en mati\u00e8re de marketing direct (article 6, paragraphe 1, point f), du RGPD)<\/li><li>Notre int\u00e9r\u00eat l\u00e9gitime \u00e0 traiter les donn\u00e9es \u00e0 des fins analytiques et statistiques (article 6, paragraphe 1, point f), du RGPD).<\/li><li>Notre int\u00e9r\u00eat l\u00e9gitime dans l'\u00e9tude de la satisfaction de la client\u00e8le (article 6, paragraphe 1, point f), du r\u00e8glement GDPR).<\/li><\/ul><p>Fournir des donn\u00e9es :<\/p><ul><li>Volontaire, mais dans certains cas, il peut \u00eatre n\u00e9cessaire de conclure un contrat.<\/li><\/ul><p>Cons\u00e9quences de l'absence de donn\u00e9es :<\/p><p>En fonction de la finalit\u00e9 pour laquelle les donn\u00e9es sont fournies :<\/p><ul><li>Impossibilit\u00e9 de s'inscrire dans le magasin<\/li><li>Impossibilit\u00e9 d'utiliser les services du magasin<\/li><li>Impossibilit\u00e9 d'effectuer des achats dans le magasin<\/li><li>Impossibilit\u00e9 de recevoir des informations sur les promotions ou les offres sp\u00e9ciales dans le magasin<\/li><\/ul><p>La possibilit\u00e9 de retirer son consentement :<\/p><ul><li>\u00c0 tout moment Le traitement des donn\u00e9es jusqu'\u00e0 ce que vous retiriez votre consentement reste licite.<\/li><\/ul><p><strong>PROFILAGE<\/strong> Dans le magasin, nous pouvons automatiquement faire correspondre certains contenus \u00e0 vos besoins, c'est-\u00e0-dire \u00e0 votre profil, en utilisant les donn\u00e9es personnelles que vous fournissez.<\/p><p>Si le profilage aboutit \u00e0 des d\u00e9cisions ayant des effets juridiques vous concernant ou vous affectant de mani\u00e8re similaire, nous ne le ferons qu'avec votre consentement.<\/p><p>N'oubliez pas que vous pouvez retirer votre consentement \u00e0 tout moment. Le traitement des donn\u00e9es jusqu'\u00e0 ce que vous retiriez votre consentement reste licite.<\/p><p><strong>P\u00c9RIODE DE TRAITEMENT DES DONN\u00c9ES<\/strong> Nous ne traiterons vos donn\u00e9es que pendant la p\u00e9riode pour laquelle nous disposons d'une base juridique, c'est-\u00e0-dire jusqu'\u00e0 ce que nous ayons obtenu l'autorisation de traiter vos donn\u00e9es :<\/p><ul><li>Nous ne sommes plus l\u00e9galement tenus de traiter vos donn\u00e9es<\/li><li>La possibilit\u00e9 de d\u00e9terminer, de poursuivre ou de d\u00e9fendre toute r\u00e9clamation li\u00e9e au contrat conclu par le magasin par les parties cessera.<\/li><li>Vous retirez votre consentement au traitement des donn\u00e9es s'il en constituait la base<\/li><li>Votre objection au traitement de vos donn\u00e9es personnelles sera accept\u00e9e - si la base du traitement de vos donn\u00e9es est un int\u00e9r\u00eat l\u00e9gitime de l'administrateur ou si les donn\u00e9es ont \u00e9t\u00e9 trait\u00e9es \u00e0 des fins de marketing direct, y compris le profilage.<\/li><li>En fonction de ce qui s'applique dans un cas donn\u00e9 et de ce qui se produira en dernier.<\/li><\/ul><p><strong>S\u00c9CURIT\u00c9 DES DONN\u00c9ES<\/strong> Lors du traitement de vos donn\u00e9es personnelles, nous utilisons des mesures organisationnelles et techniques conformes aux dispositions l\u00e9gales en vigueur.<\/p><p><strong>VOS DROITS<\/strong> Vous avez le droit de demander<\/p><ul><li><p>Acc\u00e8s \u00e0 vos donn\u00e9es personnelles<\/p><\/li><li><p>Leur rectification<\/p><\/li><li><p>Suppression<\/p><\/li><li><p>Restrictions de traitement<\/p><\/li><li><p>Transfert de donn\u00e9es \u00e0 un autre administrateur Et aussi :<\/p><\/li><li><p>S'opposer \u00e0 tout moment au traitement de vos donn\u00e9es :<\/p><ul><li>Pour des raisons li\u00e9es \u00e0 votre situation particuli\u00e8re - en termes de traitement de vos donn\u00e9es \u00e0 caract\u00e8re personnel, sur la base de l'art. 6(1)(f) GDPR (i.e., sur les int\u00e9r\u00eats l\u00e9galement justifi\u00e9s poursuivis par l'administrateur), y compris le profilage bas\u00e9 sur ces r\u00e9glementations.<\/li><li>Si les donn\u00e9es \u00e0 caract\u00e8re personnel sont trait\u00e9es \u00e0 des fins de marketing direct, y compris le profilage, dans la mesure o\u00f9 le traitement est li\u00e9 \u00e0 ce marketing direct.<\/li><\/ul><\/li><\/ul><p>Contactez-nous si vous souhaitez exercer vos droits.<\/p><p>Si vous estimez que vos donn\u00e9es sont trait\u00e9es de mani\u00e8re ill\u00e9gale, vous pouvez d\u00e9poser une plainte aupr\u00e8s de l'autorit\u00e9 de contr\u00f4le.<\/p><p><strong>COOKIES<\/strong> Notre boutique, comme la plupart des sites web, utilise ce que l'on appelle des \"cookies\". Ces fichiers :<\/p><ul><li>sont stock\u00e9s dans la m\u00e9moire de votre appareil (ordinateur, t\u00e9l\u00e9phone, etc.)<\/li><li>vous permettre, entre autres, d'utiliser toutes les fonctionnalit\u00e9s du magasin<\/li><li>Ne modifiez pas les param\u00e8tres de votre appareil<\/li><\/ul><p>En utilisant les options appropri\u00e9es de votre navigateur, vous pouvez :<\/p><ul><li><p>Supprimer les cookies<\/p><\/li><li><p>Bloquer l'utilisation des cookies \u00e0 l'avenir Dans ce magasin, les cookies sont utilis\u00e9s pour :<\/p><\/li><li><p>M\u00e9moriser les informations relatives \u00e0 votre session<\/p><\/li><li><p>Objectifs statistiques<\/p><\/li><li><p>Objectifs de marketing<\/p><\/li><li><p>Fournir des fonctions de magasin<\/p><\/li><\/ul><p>Pour savoir comment g\u00e9rer les cookies, et notamment comment d\u00e9sactiver leur gestion dans votre navigateur, vous pouvez utiliser le fichier d'aide de votre navigateur. Vous pouvez vous familiariser avec ces informations en appuyant sur la touche F1 du navigateur. En outre, vous trouverez des conseils appropri\u00e9s dans les sous-pages suivantes, en fonction du navigateur que vous utilisez :<\/p><ul><li>Firefox<\/li><li>Chrome<\/li><li>Safari<\/li><li>Internet Explorer \/ Microsoft Edge<\/li><\/ul><p>Pour plus d'informations sur les cookies, consultez Wikipedia.<\/p><p><strong>SERVICES EXTERNES \/ DESTINATAIRES DES DONN\u00c9ES<\/strong> Nous utilisons les services d'entit\u00e9s externes auxquelles vos donn\u00e9es peuvent \u00eatre transf\u00e9r\u00e9es. Vous trouverez ci-dessous une liste des destinataires possibles de vos donn\u00e9es :<\/p><ul><li>Fournisseur de logiciels n\u00e9cessaires \u00e0 la gestion d'une boutique en ligne<\/li><li>Entit\u00e9 livrant des marchandises<\/li><li>Prestataire de services de paiement<\/li><li>Fournisseur de logiciels facilitant les op\u00e9rations commerciales (par exemple, logiciel de comptabilit\u00e9)<\/li><li>Entit\u00e9 nous fournissant une assistance technique<\/li><li>Entit\u00e9 fournissant des services de marketing<\/li><li>Entit\u00e9 fournissant des services statistiques<\/li><li>les autorit\u00e9s publiques comp\u00e9tentes dans la mesure o\u00f9 l'administrateur est tenu de leur fournir des donn\u00e9es<\/li><\/ul><p><strong>CONTACT AVEC L'ADMINISTRATEUR<\/strong> Vous souhaitez exercer vos droits en mati\u00e8re de donn\u00e9es personnelles ?<\/p><p>Ou peut-\u00eatre souhaitez-vous simplement poser une question relative \u00e0 notre politique de confidentialit\u00e9 ?<\/p><p>\u00c9crire \u00e0 l'adresse \u00e9lectronique : <a href=\"mailto:contact@masterofcity.com\" target=\"_new\">contact@masterofcity.com<\/a><\/p><p><strong>Politique de confidentialit\u00e9 de Master of City Store<\/strong><\/p><p>Cher utilisateur,<\/p><p>Nous accordons une grande importance \u00e0 votre vie priv\u00e9e et nous nous effor\u00e7ons d'assurer votre confort lors de l'utilisation de notre suite d'applications, notamment Master of City London, Master of City Paris, Master of City Rome, Master of City New York, Master of City Warsaw et Master of City Cracovie. Cette politique fournit des informations cruciales sur le traitement de vos donn\u00e9es personnelles et l'utilisation de cookies par notre magasin, conform\u00e9ment au R\u00e8glement g\u00e9n\u00e9ral sur la protection des donn\u00e9es (RGPD).<\/p><p><strong>Administrateur<\/strong><br \/>ANDRZEJ SZCZE\u015aNIAK, exer\u00e7ant ses activit\u00e9s sous le nom de IMEDIA GROUP ANDRZEJ SZCZE\u015aNIAK, inscrit au registre central et \u00e0 l'information sur l'activit\u00e9 \u00e9conomique, situ\u00e9 rue Rogalskiego 12\/33, 03-918 Varsovie.<\/p><p><strong>Donn\u00e9es personnelles et vie priv\u00e9e<\/strong><br \/>Lors de la cr\u00e9ation d'un compte utilisateur et de l'utilisation de nos services, il vous sera demand\u00e9 de fournir des donn\u00e9es personnelles, trait\u00e9es pour le fonctionnement de notre boutique et de ses services, y compris la gamme vari\u00e9e d'applications sp\u00e9cifiques \u00e0 la ville que nous proposons.<\/p><p><strong>Collecte et utilisation des donn\u00e9es<\/strong><br \/>Outre les utilisations mentionn\u00e9es ci-dessus, nous collectons et utilisons des listes de contacts, des images et des fichiers aux fins suivantes :<\/p><ul><li>Am\u00e9liorer l'exp\u00e9rience des utilisateurs dans nos applications sp\u00e9cifiques aux villes<\/li><li>Fournir des services personnalis\u00e9s adapt\u00e9s \u00e0 chaque ville<\/li><li>Am\u00e9liorer nos services en fonction des besoins sp\u00e9cifiques des r\u00e9gions et des villes<\/li><li>Activit\u00e9s marketing et promotionnelles li\u00e9es \u00e0 notre suite d'applications<\/li><\/ul><p>Ces donn\u00e9es sont trait\u00e9es sur la base de votre consentement et de nos int\u00e9r\u00eats l\u00e9gitimes.<\/p><p><strong>S\u00e9curit\u00e9 des donn\u00e9es<\/strong><br \/>Nous utilisons des mesures organisationnelles et techniques pour prot\u00e9ger vos donn\u00e9es, conform\u00e9ment aux normes l\u00e9gales.<\/p><p><strong>Vos droits<\/strong><br \/>Vous avez le droit d'acc\u00e9der \u00e0 vos donn\u00e9es, de les rectifier, de les supprimer, d'en limiter le traitement ou de les transf\u00e9rer. Vous pouvez \u00e9galement vous opposer au traitement des donn\u00e9es pour des raisons sp\u00e9cifiques ou \u00e0 des fins de marketing direct.<\/p><p><strong>Cookies<\/strong><br \/>Notre magasin et nos applications utilisent des cookies pour m\u00e9moriser les informations de session, \u00e0 des fins statistiques et de marketing, et pour fournir les fonctions du magasin. Vous pouvez g\u00e9rer les cookies par le biais des param\u00e8tres de votre navigateur.<\/p><p><strong>Services externes\/r\u00e9cipiendaires de donn\u00e9es<\/strong><br \/>Vos donn\u00e9es peuvent \u00eatre partag\u00e9es avec des entit\u00e9s telles que des fournisseurs de logiciels, des services de livraison, des fournisseurs de paiement et des autorit\u00e9s publiques, le cas \u00e9ch\u00e9ant.<\/p><p><strong>Contact<\/strong><br \/>Pour toute question ou pour exercer vos droits en mati\u00e8re de donn\u00e9es, contactez-nous \u00e0 l'adresse suivante <a href=\"mailto:biuro@masterofcity.com\" target=\"_new\">contact@masterofcity.com<\/a>.<\/p><\/div><\/div><\/div>\t\t\t\t\t\t\t\t<\/div>\n\t\t\t\t<\/div>\n\t\t\t\t\t<\/div>\n\t\t<\/div>\n\t\t\t\t\t<\/div>\n\t\t<\/section>\n\t\t\t\t<\/div>","protected":false},"excerpt":{"rendered":"<p>Politique de confidentialit\u00e9 de Master of City Store Cher utilisateur ! Nous nous soucions de votre vie priv\u00e9e et souhaitons que vous vous sentiez \u00e0 l'aise lorsque vous utilisez nos services. C'est pourquoi nous vous pr\u00e9sentons ci-dessous les informations les plus importantes concernant les r\u00e8gles de traitement de vos donn\u00e9es personnelles et les cookies utilis\u00e9s par notre boutique. Ces informations ont \u00e9t\u00e9 pr\u00e9par\u00e9es [...]<\/p>","protected":false},"author":1,"featured_media":0,"parent":0,"menu_order":0,"comment_status":"closed","ping_status":"closed","template":"elementor_header_footer","meta":{"site-sidebar-layout":"default","site-content-layout":"","ast-site-content-layout":"default","site-content-style":"default","site-sidebar-style":"default","ast-global-header-display":"","ast-banner-title-visibility":"","ast-main-header-display":"","ast-hfb-above-header-display":"","ast-hfb-below-header-display":"","ast-hfb-mobile-header-display":"","site-post-title":"","ast-breadcrumbs-content":"","ast-featured-img":"","footer-sml-layout":"","ast-disable-related-posts":"","theme-transparent-header-meta":"","adv-header-id-meta":"","stick-header-meta":"","header-above-stick-meta":"","header-main-stick-meta":"","header-below-stick-meta":"","astra-migrate-meta-layouts":"set","ast-page-background-enabled":"default","ast-page-background-meta":{"desktop":{"background-color":"var(--ast-global-color-4)","background-image":"","background-repeat":"repeat","background-position":"center center","background-size":"auto","background-attachment":"scroll","background-type":"","background-media":"","overlay-type":"","overlay-color":"","overlay-opacity":"","overlay-gradient":""},"tablet":{"background-color":"","background-image":"","background-repeat":"repeat","background-position":"center center","background-size":"auto","background-attachment":"scroll","background-type":"","background-media":"","overlay-type":"","overlay-color":"","overlay-opacity":"","overlay-gradient":""},"mobile":{"background-color":"","background-image":"","background-repeat":"repeat","background-position":"center center","background-size":"auto","background-attachment":"scroll","background-type":"","background-media":"","overlay-type":"","overlay-color":"","overlay-opacity":"","overlay-gradient":""}},"ast-content-background-meta":{"desktop":{"background-color":"var(--ast-global-color-5)","background-image":"","background-repeat":"repeat","background-position":"center center","background-size":"auto","background-attachment":"scroll","background-type":"","background-media":"","overlay-type":"","overlay-color":"","overlay-opacity":"","overlay-gradient":""},"tablet":{"background-color":"var(--ast-global-color-5)","background-image":"","background-repeat":"repeat","background-position":"center center","background-size":"auto","background-attachment":"scroll","background-type":"","background-media":"","overlay-type":"","overlay-color":"","overlay-opacity":"","overlay-gradient":""},"mobile":{"background-color":"var(--ast-global-color-5)","background-image":"","background-repeat":"repeat","background-position":"center center","background-size":"auto","background-attachment":"scroll","background-type":"","background-media":"","overlay-type":"","overlay-color":"","overlay-opacity":"","overlay-gradient":""}},"footnotes":""},"class_list":["post-2270","page","type-page","status-publish","hentry"],"yoast_head":"<!-- This site is optimized with the Yoast SEO plugin v26.6 - https:\/\/yoast.com\/wordpress\/plugins\/seo\/ -->\n<title>Master of City Privacy Policy<\/title>\n<meta name=\"robots\" content=\"index, follow, max-snippet:-1, max-image-preview:large, max-video-preview:-1\" \/>\n<link rel=\"canonical\" href=\"https:\/\/masterofcity.com\/fr\/privacy-policy\/\" \/>\n<meta property=\"og:locale\" content=\"fr_FR\" \/>\n<meta property=\"og:type\" content=\"article\" \/>\n<meta property=\"og:title\" content=\"Master of City Privacy Policy\" \/>\n<meta property=\"og:description\" content=\"Privacy Policy of Master of City Store Dear User! We care about your privacy and want you to feel comfortable while using our services. Therefore, below we present you with the most crucial information about the rules of processing your personal data and cookies, which are used by our Store. This information has been prepared [&hellip;]\" \/>\n<meta property=\"og:url\" content=\"https:\/\/masterofcity.com\/fr\/privacy-policy\/\" \/>\n<meta property=\"og:site_name\" content=\"Master of City\" \/>\n<meta property=\"article:modified_time\" content=\"2023-11-21T08:14:35+00:00\" \/>\n<meta property=\"og:image\" content=\"https:\/\/masterofcity.com\/wp-content\/uploads\/2024\/12\/Group-382-scaled.jpg\" \/>\n\t<meta property=\"og:image:width\" content=\"1674\" \/>\n\t<meta property=\"og:image:height\" content=\"2560\" \/>\n\t<meta property=\"og:image:type\" content=\"image\/jpeg\" \/>\n<meta name=\"twitter:card\" content=\"summary_large_image\" \/>\n<meta name=\"twitter:label1\" content=\"Dur\u00e9e de lecture estim\u00e9e\" \/>\n\t<meta name=\"twitter:data1\" content=\"6 minutes\" \/>\n<script type=\"application\/ld+json\" class=\"yoast-schema-graph\">{\"@context\":\"https:\/\/schema.org\",\"@graph\":[{\"@type\":\"WebPage\",\"@id\":\"https:\/\/masterofcity.com\/privacy-policy\/\",\"url\":\"https:\/\/masterofcity.com\/privacy-policy\/\",\"name\":\"Master of City Privacy Policy\",\"isPartOf\":{\"@id\":\"https:\/\/masterofcity.com\/#website\"},\"datePublished\":\"2023-10-04T13:22:07+00:00\",\"dateModified\":\"2023-11-21T08:14:35+00:00\",\"breadcrumb\":{\"@id\":\"https:\/\/masterofcity.com\/privacy-policy\/#breadcrumb\"},\"inLanguage\":\"fr-FR\",\"potentialAction\":[{\"@type\":\"ReadAction\",\"target\":[\"https:\/\/masterofcity.com\/privacy-policy\/\"]}]},{\"@type\":\"BreadcrumbList\",\"@id\":\"https:\/\/masterofcity.com\/privacy-policy\/#breadcrumb\",\"itemListElement\":[{\"@type\":\"ListItem\",\"position\":1,\"name\":\"Home\",\"item\":\"https:\/\/masterofcity.com\/\"},{\"@type\":\"ListItem\",\"position\":2,\"name\":\"Privacy Policy\"}]},{\"@type\":\"WebSite\",\"@id\":\"https:\/\/masterofcity.com\/#website\",\"url\":\"https:\/\/masterofcity.com\/\",\"name\":\"Master of City\",\"description\":\"\",\"publisher\":{\"@id\":\"https:\/\/masterofcity.com\/#organization\"},\"potentialAction\":[{\"@type\":\"SearchAction\",\"target\":{\"@type\":\"EntryPoint\",\"urlTemplate\":\"https:\/\/masterofcity.com\/?s={search_term_string}\"},\"query-input\":{\"@type\":\"PropertyValueSpecification\",\"valueRequired\":true,\"valueName\":\"search_term_string\"}}],\"inLanguage\":\"fr-FR\"},{\"@type\":\"Organization\",\"@id\":\"https:\/\/masterofcity.com\/#organization\",\"name\":\"Master of City\",\"url\":\"https:\/\/masterofcity.com\/\",\"logo\":{\"@type\":\"ImageObject\",\"inLanguage\":\"fr-FR\",\"@id\":\"https:\/\/masterofcity.com\/#\/schema\/logo\/image\/\",\"url\":\"https:\/\/masterofcity.com\/wp-content\/uploads\/2023\/07\/puste-1.jpg\",\"contentUrl\":\"https:\/\/masterofcity.com\/wp-content\/uploads\/2023\/07\/puste-1.jpg\",\"width\":1622,\"height\":526,\"caption\":\"Master of City\"},\"image\":{\"@id\":\"https:\/\/masterofcity.com\/#\/schema\/logo\/image\/\"}}]}<\/script>\n<!-- \/ Yoast SEO plugin. -->","yoast_head_json":{"title":"Master of City Privacy Policy","robots":{"index":"index","follow":"follow","max-snippet":"max-snippet:-1","max-image-preview":"max-image-preview:large","max-video-preview":"max-video-preview:-1"},"canonical":"https:\/\/masterofcity.com\/fr\/privacy-policy\/","og_locale":"fr_FR","og_type":"article","og_title":"Master of City Privacy Policy","og_description":"Privacy Policy of Master of City Store Dear User! We care about your privacy and want you to feel comfortable while using our services. Therefore, below we present you with the most crucial information about the rules of processing your personal data and cookies, which are used by our Store. This information has been prepared [&hellip;]","og_url":"https:\/\/masterofcity.com\/fr\/privacy-policy\/","og_site_name":"Master of City","article_modified_time":"2023-11-21T08:14:35+00:00","og_image":[{"width":1674,"height":2560,"url":"https:\/\/masterofcity.com\/wp-content\/uploads\/2024\/12\/Group-382-scaled.jpg","type":"image\/jpeg"}],"twitter_card":"summary_large_image","twitter_misc":{"Dur\u00e9e de lecture estim\u00e9e":"6 minutes"},"schema":{"@context":"https:\/\/schema.org","@graph":[{"@type":"WebPage","@id":"https:\/\/masterofcity.com\/privacy-policy\/","url":"https:\/\/masterofcity.com\/privacy-policy\/","name":"Master of City Privacy Policy","isPartOf":{"@id":"https:\/\/masterofcity.com\/#website"},"datePublished":"2023-10-04T13:22:07+00:00","dateModified":"2023-11-21T08:14:35+00:00","breadcrumb":{"@id":"https:\/\/masterofcity.com\/privacy-policy\/#breadcrumb"},"inLanguage":"fr-FR","potentialAction":[{"@type":"ReadAction","target":["https:\/\/masterofcity.com\/privacy-policy\/"]}]},{"@type":"BreadcrumbList","@id":"https:\/\/masterofcity.com\/privacy-policy\/#breadcrumb","itemListElement":[{"@type":"ListItem","position":1,"name":"Home","item":"https:\/\/masterofcity.com\/"},{"@type":"ListItem","position":2,"name":"Privacy Policy"}]},{"@type":"WebSite","@id":"https:\/\/masterofcity.com\/#website","url":"https:\/\/masterofcity.com\/","name":"Master of City","description":"","publisher":{"@id":"https:\/\/masterofcity.com\/#organization"},"potentialAction":[{"@type":"SearchAction","target":{"@type":"EntryPoint","urlTemplate":"https:\/\/masterofcity.com\/?s={search_term_string}"},"query-input":{"@type":"PropertyValueSpecification","valueRequired":true,"valueName":"search_term_string"}}],"inLanguage":"fr-FR"},{"@type":"Organization","@id":"https:\/\/masterofcity.com\/#organization","name":"Master of City","url":"https:\/\/masterofcity.com\/","logo":{"@type":"ImageObject","inLanguage":"fr-FR","@id":"https:\/\/masterofcity.com\/#\/schema\/logo\/image\/","url":"https:\/\/masterofcity.com\/wp-content\/uploads\/2023\/07\/puste-1.jpg","contentUrl":"https:\/\/masterofcity.com\/wp-content\/uploads\/2023\/07\/puste-1.jpg","width":1622,"height":526,"caption":"Master of City"},"image":{"@id":"https:\/\/masterofcity.com\/#\/schema\/logo\/image\/"}}]}},"_links":{"self":[{"href":"https:\/\/masterofcity.com\/fr\/wp-json\/wp\/v2\/pages\/2270","targetHints":{"allow":["GET"]}}],"collection":[{"href":"https:\/\/masterofcity.com\/fr\/wp-json\/wp\/v2\/pages"}],"about":[{"href":"https:\/\/masterofcity.com\/fr\/wp-json\/wp\/v2\/types\/page"}],"author":[{"embeddable":true,"href":"https:\/\/masterofcity.com\/fr\/wp-json\/wp\/v2\/users\/1"}],"replies":[{"embeddable":true,"href":"https:\/\/masterofcity.com\/fr\/wp-json\/wp\/v2\/comments?post=2270"}],"version-history":[{"count":29,"href":"https:\/\/masterofcity.com\/fr\/wp-json\/wp\/v2\/pages\/2270\/revisions"}],"predecessor-version":[{"id":3347,"href":"https:\/\/masterofcity.com\/fr\/wp-json\/wp\/v2\/pages\/2270\/revisions\/3347"}],"wp:attachment":[{"href":"https:\/\/masterofcity.com\/fr\/wp-json\/wp\/v2\/media?parent=2270"}],"curies":[{"name":"wp","href":"https:\/\/api.w.org\/{rel}","templated":true}]}}