{"id":2270,"date":"2023-10-04T13:22:07","date_gmt":"2023-10-04T13:22:07","guid":{"rendered":"https:\/\/masterofcity.com\/?page_id=2270"},"modified":"2023-11-21T08:14:35","modified_gmt":"2023-11-21T08:14:35","slug":"privacy-policy","status":"publish","type":"page","link":"https:\/\/masterofcity.com\/it\/privacy-policy\/","title":{"rendered":"Informativa sulla privacy"},"content":{"rendered":"<div data-elementor-type=\"wp-page\" data-elementor-id=\"2270\" class=\"elementor elementor-2270\" data-elementor-post-type=\"page\">\n\t\t\t\t\t\t<section class=\"elementor-section elementor-top-section elementor-element elementor-element-b53a9ec elementor-section-boxed elementor-section-height-default elementor-section-height-default\" data-id=\"b53a9ec\" data-element_type=\"section\">\n\t\t\t\t\t\t<div class=\"elementor-container elementor-column-gap-default\">\n\t\t\t\t\t<div class=\"elementor-column elementor-col-100 elementor-top-column elementor-element elementor-element-b7dc103\" data-id=\"b7dc103\" data-element_type=\"column\">\n\t\t\t<div class=\"elementor-widget-wrap elementor-element-populated\">\n\t\t\t\t\t\t<div class=\"elementor-element elementor-element-d3bbc36 elementor-widget elementor-widget-text-editor\" data-id=\"d3bbc36\" data-element_type=\"widget\" data-widget_type=\"text-editor.default\">\n\t\t\t\t<div class=\"elementor-widget-container\">\n\t\t\t\t\t\t\t\t\t<div><div><div><p><strong>Informativa sulla privacy di Master of City Store<\/strong><\/p><p>Caro utente!<\/p><p>Abbiamo a cuore la vostra privacy e vogliamo che vi sentiate a vostro agio quando utilizzate i nostri servizi. Pertanto, di seguito vi presentiamo le informazioni pi\u00f9 importanti sulle regole di trattamento dei vostri dati personali e sui cookie utilizzati dal nostro Store. Queste informazioni sono state preparate tenendo conto del GDPR, ovvero il Regolamento generale sulla protezione dei dati.<\/p><p><strong>AMMINISTRATORE DEI DATI PERSONALI (\"Amministratore\")<\/strong> ANDRZEJ SZCZE\u015aNIAK, imprenditore che gestisce un'impresa con il nome IMEDIA GROUP ANDRZEJ SZCZE\u015aNIAK, iscritto nel Registro centrale e delle informazioni sulle attivit\u00e0 economiche gestito dal ministro dell'Economia e del Registro centrale e delle informazioni sulle attivit\u00e0 economiche, numero di identificazione fiscale (NIP) 5260055621, numero REGON 010054933, via Rogalskiego 12\/33, 03-918 Varsavia.<\/p><p><strong>DATI PERSONALI E PRIVACY<\/strong> Se intendete creare un Account utente e utilizzare i nostri servizi, vi verr\u00e0 chiesto di fornirci i vostri dati personali. I vostri dati sono da noi trattati per le finalit\u00e0 di seguito elencate relative al funzionamento del Negozio e ai servizi ivi offerti (\"Servizi\").<\/p><p>Finalit\u00e0 del trattamento:<\/p><p>A seconda di ci\u00f2 che decidete, potrebbe essere:<\/p><ul><li>Fornitura dei servizi offerti nel Negozio<\/li><li>Esecuzione degli ordini<\/li><li>Marketing diretto dei servizi offerti, diversi dalla newsletter<\/li><li>Invio della newsletter<\/li><\/ul><p>Base del trattamento:<\/p><ul><li>Contratto di vendita o azioni intraprese su vostra richiesta finalizzate alla sua conclusione (art. 6, par. 1, lett. b) GDPR)<\/li><li>Obblighi legali che ci vincolano, ad esempio in relazione alla contabilit\u00e0 (Art. 6(1)(c) GDPR)<\/li><li>Il vostro consenso espresso nel Negozio (Art. 6(1)(a) GDPR)<\/li><li>Contratto per la fornitura di servizi o azioni intraprese su vostra richiesta finalizzate alla sua conclusione (Art. 6(1)(b) GDPR)<\/li><li>Il nostro legittimo interesse a trattare i dati per determinare, perseguire o difendere potenziali reclami (Art. 6(1)(f) GDPR)<\/li><li>Il nostro legittimo interesse nel marketing diretto (Art. 6(1)(f) GDPR)<\/li><li>Il nostro legittimo interesse a trattare i dati per scopi analitici e statistici (Art. 6(1)(f) GDPR)<\/li><li>Il nostro legittimo interesse nella ricerca della soddisfazione del cliente (art. 6(1)(f) GDPR)<\/li><\/ul><p>Fornitura di dati:<\/p><ul><li>Volontario, ma in alcuni casi pu\u00f2 essere necessario stipulare un contratto.<\/li><\/ul><p>Conseguenze della mancata comunicazione dei dati:<\/p><p>A seconda dello scopo per cui vengono forniti i dati:<\/p><ul><li>Impossibilit\u00e0 di registrarsi nel negozio<\/li><li>Impossibilit\u00e0 di utilizzare i servizi del Negozio<\/li><li>Impossibilit\u00e0 di effettuare acquisti nel negozio<\/li><li>Impossibilit\u00e0 di ricevere informazioni su promozioni o offerte speciali nel Negozio<\/li><\/ul><p>La possibilit\u00e0 di ritirare il consenso:<\/p><ul><li>In qualsiasi momento Il trattamento dei dati fino alla revoca del consenso rimane lecito.<\/li><\/ul><p><strong>PROFILAZIONE<\/strong> Nel Negozio, possiamo abbinare automaticamente determinati contenuti alle esigenze dell'utente, ovvero al suo profilo, utilizzando i dati personali forniti dall'utente.<\/p><p>Se la profilazione dovesse comportare decisioni con effetti legali che vi riguardano o che vi riguardano in modo altrettanto significativo, la effettueremo solo con il vostro consenso.<\/p><p>Ricordate che potete ritirare il vostro consenso in qualsiasi momento. Il trattamento dei dati fino alla revoca del consenso rimane lecito.<\/p><p><strong>PERIODO DI ELABORAZIONE DEI DATI<\/strong> Tratteremo i vostri dati solo per il periodo in cui avremo una base legale per farlo, cio\u00e8 fino a quando:<\/p><ul><li>Non siamo pi\u00f9 legalmente obbligati a trattare i vostri dati<\/li><li>La possibilit\u00e0 di determinare, perseguire o difendere qualsiasi reclamo relativo al contratto stipulato dal Negozio da parte delle parti cesser\u00e0<\/li><li>Ritirare il proprio consenso al trattamento dei dati se questo era la sua base<\/li><li>La vostra opposizione al trattamento dei vostri dati personali sar\u00e0 accettata - se la base per il trattamento dei vostri dati era un interesse legittimo dell'amministratore o se i dati sono stati trattati per finalit\u00e0 di marketing diretto, compresa la profilazione<\/li><li>A seconda di ci\u00f2 che si applica in un determinato caso e di ci\u00f2 che accadr\u00e0 per ultimo.<\/li><\/ul><p><strong>SICUREZZA DEI DATI<\/strong> Per il trattamento dei vostri dati personali utilizziamo misure organizzative e tecniche conformi alle disposizioni di legge in materia.<\/p><p><strong>I TUOI DIRITTI<\/strong> Avete il diritto di richiedere:<\/p><ul><li><p>Accesso ai dati personali<\/p><\/li><li><p>La loro rettifica<\/p><\/li><li><p>Cancellazione<\/p><\/li><li><p>Restrizioni all'elaborazione<\/p><\/li><li><p>Trasferimento dei dati a un altro amministratore E anche:<\/p><\/li><li><p>Opporsi in qualsiasi momento al trattamento dei propri dati:<\/p><ul><li>Per motivi legati alla Sua situazione particolare - in termini di trattamento dei Suoi dati personali, in base all'Art. 6(1)(f) GDPR (cio\u00e8 su interessi legalmente giustificati perseguiti dall'amministratore), compresa la profilazione basata su tali norme<\/li><li>Se i dati personali sono trattati per finalit\u00e0 di marketing diretto, compresa la profilazione, nella misura in cui il trattamento \u00e8 connesso a tale marketing diretto.<\/li><\/ul><\/li><\/ul><p>Contattateci se volete esercitare i vostri diritti.<\/p><p>Se ritenete che i vostri dati siano trattati illegalmente, potete presentare un reclamo all'autorit\u00e0 di controllo.<\/p><p><strong>COCCOLE<\/strong> Il nostro Store, come la maggior parte dei siti web, utilizza i cosiddetti cookie. Questi file:<\/p><ul><li>Sono memorizzati nella memoria del dispositivo (computer, telefono, ecc.).<\/li><li>Permettere all'utente, tra gli altri, di utilizzare tutte le funzionalit\u00e0 dello Store<\/li><li>Non modificare le impostazioni del dispositivo<\/li><\/ul><p>Utilizzando le opzioni appropriate del browser, \u00e8 possibile:<\/p><ul><li><p>Cancellare i cookie<\/p><\/li><li><p>Bloccare l'uso dei cookie in futuro In questo Store, i cookie vengono utilizzati per:<\/p><\/li><li><p>Ricordare le informazioni sulla sessione<\/p><\/li><li><p>Finalit\u00e0 statistiche<\/p><\/li><li><p>Finalit\u00e0 di marketing<\/p><\/li><li><p>Fornire le funzioni del negozio<\/p><\/li><\/ul><p>Per sapere come gestire i cookie, compresa la disattivazione della loro gestione nel browser, \u00e8 possibile utilizzare il file di aiuto del browser. \u00c8 possibile familiarizzare con queste informazioni premendo il tasto F1 del browser. Inoltre, nelle seguenti sottopagine si possono trovare suggerimenti appropriati, a seconda del browser utilizzato:<\/p><ul><li>Firefox<\/li><li>Cromo<\/li><li>Safari<\/li><li>Internet Explorer \/ Microsoft Edge<\/li><\/ul><p>Ulteriori informazioni sui cookie sono disponibili su Wikipedia.<\/p><p><strong>SERVIZI ESTERNI \/ DESTINATARI DEI DATI<\/strong> Ci avvaliamo dei servizi di soggetti esterni ai quali i vostri dati possono essere trasferiti. Di seguito \u00e8 riportato un elenco dei possibili destinatari dei vostri dati:<\/p><ul><li>Fornitore del software necessario per gestire un negozio online<\/li><li>Ente che consegna la merce<\/li><li>Fornitore di servizi di pagamento<\/li><li>Fornitore di software che facilita le operazioni aziendali (ad esempio, software di contabilit\u00e0)<\/li><li>Entit\u00e0 che ci fornisce assistenza tecnica<\/li><li>Entit\u00e0 che fornisce servizi di marketing<\/li><li>Entit\u00e0 che fornisce servizi statistici<\/li><li>Autorit\u00e0 pubbliche competenti, nella misura in cui l'Amministratore \u00e8 tenuto a fornire loro i dati.<\/li><\/ul><p><strong>CONTATTO CON L'AMMINISTRATORE<\/strong> Volete esercitare i vostri diritti sui dati personali?<\/p><p>O forse volete semplicemente chiedere qualcosa in merito alla nostra Informativa sulla privacy?<\/p><p>Scrivere all'indirizzo e-mail: <a href=\"mailto:contact@masterofcity.com\" target=\"_new\">contact@masterofcity.com<\/a><\/p><p><strong>Informativa sulla privacy di Master of City Store<\/strong><\/p><p>Gentile utente,<\/p><p>Teniamo alla vostra privacy e ci impegniamo a garantire il vostro comfort durante l'utilizzo delle nostre applicazioni, tra cui Master of City London, Master of City Paris, Master of City Rome, Master of City New York, Master of City Warsaw e Master of City Cracow. La presente informativa fornisce informazioni fondamentali sul trattamento dei vostri dati personali e sull'uso dei cookie da parte del nostro Store, in linea con il Regolamento generale sulla protezione dei dati (GDPR).<\/p><p><strong>Amministratore<\/strong><br \/>ANDRZEJ SZCZE\u015aNIAK, che opera come IMEDIA GROUP ANDRZEJ SZCZE\u015aNIAK, iscritta nel Registro centrale e delle informazioni sulle attivit\u00e0 economiche, con sede in via Rogalskiego 12\/33, 03-918 Varsavia.<\/p><p><strong>Dati personali e privacy<\/strong><br \/>Al momento della creazione di un account utente e dell'utilizzo dei nostri servizi, vi verranno richiesti dei dati personali, elaborati per il funzionamento del nostro Store e dei suoi servizi, compresa la vasta gamma di applicazioni specifiche per la citt\u00e0 che offriamo.<\/p><p><strong>Raccolta e utilizzo dei dati<\/strong><br \/>Oltre agli usi precedentemente menzionati, raccogliamo e utilizziamo elenchi di contatti, immagini e file per i seguenti scopi:<\/p><ul><li>Migliorare l'esperienza dell'utente nelle nostre applicazioni specifiche per la citt\u00e0<\/li><li>Fornire servizi personalizzati su misura per ogni citt\u00e0<\/li><li>Migliorare i nostri servizi in base alle esigenze regionali e cittadine.<\/li><li>Attivit\u00e0 di marketing e promozionali relative alla nostra suite di applicazioni<\/li><\/ul><p>Questi dati sono trattati sulla base del vostro consenso e dei nostri legittimi interessi.<\/p><p><strong>Sicurezza dei dati<\/strong><br \/>Adottiamo misure organizzative e tecniche per proteggere i vostri dati, rispettando gli standard legali.<\/p><p><strong>I vostri diritti<\/strong><br \/>Avete il diritto di accedere, rettificare, cancellare, limitare il trattamento o trasferire i vostri dati. Potete anche opporvi al trattamento dei dati per motivi specifici o per finalit\u00e0 di marketing diretto.<\/p><p><strong>Biscotti<\/strong><br \/>Il nostro Store e le nostre applicazioni utilizzano i cookie per ricordare le informazioni della sessione, per scopi statistici e di marketing e per fornire le funzioni dello Store. \u00c8 possibile gestire i cookie attraverso le impostazioni del browser.<\/p><p><strong>Servizi esterni\/Destinatari di dati<\/strong><br \/>I vostri dati possono essere condivisi con entit\u00e0 quali fornitori di software, servizi di consegna, fornitori di pagamenti e autorit\u00e0 pubbliche, a seconda delle necessit\u00e0.<\/p><p><strong>Contatto<\/strong><br \/>Per qualsiasi domanda o per esercitare i vostri diritti sui dati, contattateci a <a href=\"mailto:biuro@masterofcity.com\" target=\"_new\">contact@masterofcity.com<\/a>.<\/p><\/div><\/div><\/div>\t\t\t\t\t\t\t\t<\/div>\n\t\t\t\t<\/div>\n\t\t\t\t\t<\/div>\n\t\t<\/div>\n\t\t\t\t\t<\/div>\n\t\t<\/section>\n\t\t\t\t<\/div>","protected":false},"excerpt":{"rendered":"<p>Informativa sulla privacy di Master of City Store Gentile utente! Abbiamo a cuore la tua privacy e vogliamo che tu ti senta a tuo agio quando utilizzi i nostri servizi. Pertanto, di seguito le presentiamo le informazioni pi\u00f9 importanti sulle regole di trattamento dei suoi dati personali e sui cookie utilizzati dal nostro Store. Queste informazioni sono state preparate [...]<\/p>","protected":false},"author":1,"featured_media":0,"parent":0,"menu_order":0,"comment_status":"closed","ping_status":"closed","template":"elementor_header_footer","meta":{"site-sidebar-layout":"default","site-content-layout":"","ast-site-content-layout":"default","site-content-style":"default","site-sidebar-style":"default","ast-global-header-display":"","ast-banner-title-visibility":"","ast-main-header-display":"","ast-hfb-above-header-display":"","ast-hfb-below-header-display":"","ast-hfb-mobile-header-display":"","site-post-title":"","ast-breadcrumbs-content":"","ast-featured-img":"","footer-sml-layout":"","ast-disable-related-posts":"","theme-transparent-header-meta":"","adv-header-id-meta":"","stick-header-meta":"","header-above-stick-meta":"","header-main-stick-meta":"","header-below-stick-meta":"","astra-migrate-meta-layouts":"set","ast-page-background-enabled":"default","ast-page-background-meta":{"desktop":{"background-color":"var(--ast-global-color-4)","background-image":"","background-repeat":"repeat","background-position":"center center","background-size":"auto","background-attachment":"scroll","background-type":"","background-media":"","overlay-type":"","overlay-color":"","overlay-opacity":"","overlay-gradient":""},"tablet":{"background-color":"","background-image":"","background-repeat":"repeat","background-position":"center center","background-size":"auto","background-attachment":"scroll","background-type":"","background-media":"","overlay-type":"","overlay-color":"","overlay-opacity":"","overlay-gradient":""},"mobile":{"background-color":"","background-image":"","background-repeat":"repeat","background-position":"center center","background-size":"auto","background-attachment":"scroll","background-type":"","background-media":"","overlay-type":"","overlay-color":"","overlay-opacity":"","overlay-gradient":""}},"ast-content-background-meta":{"desktop":{"background-color":"var(--ast-global-color-5)","background-image":"","background-repeat":"repeat","background-position":"center center","background-size":"auto","background-attachment":"scroll","background-type":"","background-media":"","overlay-type":"","overlay-color":"","overlay-opacity":"","overlay-gradient":""},"tablet":{"background-color":"var(--ast-global-color-5)","background-image":"","background-repeat":"repeat","background-position":"center center","background-size":"auto","background-attachment":"scroll","background-type":"","background-media":"","overlay-type":"","overlay-color":"","overlay-opacity":"","overlay-gradient":""},"mobile":{"background-color":"var(--ast-global-color-5)","background-image":"","background-repeat":"repeat","background-position":"center center","background-size":"auto","background-attachment":"scroll","background-type":"","background-media":"","overlay-type":"","overlay-color":"","overlay-opacity":"","overlay-gradient":""}},"footnotes":""},"class_list":["post-2270","page","type-page","status-publish","hentry"],"yoast_head":"<!-- This site is optimized with the Yoast SEO plugin v26.6 - https:\/\/yoast.com\/wordpress\/plugins\/seo\/ -->\n<title>Master of City Privacy Policy<\/title>\n<meta name=\"robots\" content=\"index, follow, max-snippet:-1, max-image-preview:large, max-video-preview:-1\" \/>\n<link rel=\"canonical\" href=\"https:\/\/masterofcity.com\/it\/privacy-policy\/\" \/>\n<meta property=\"og:locale\" content=\"it_IT\" \/>\n<meta property=\"og:type\" content=\"article\" \/>\n<meta property=\"og:title\" content=\"Master of City Privacy Policy\" \/>\n<meta property=\"og:description\" content=\"Privacy Policy of Master of City Store Dear User! We care about your privacy and want you to feel comfortable while using our services. Therefore, below we present you with the most crucial information about the rules of processing your personal data and cookies, which are used by our Store. This information has been prepared [&hellip;]\" \/>\n<meta property=\"og:url\" content=\"https:\/\/masterofcity.com\/it\/privacy-policy\/\" \/>\n<meta property=\"og:site_name\" content=\"Master of City\" \/>\n<meta property=\"article:modified_time\" content=\"2023-11-21T08:14:35+00:00\" \/>\n<meta property=\"og:image\" content=\"https:\/\/masterofcity.com\/wp-content\/uploads\/2024\/12\/Group-382-scaled.jpg\" \/>\n\t<meta property=\"og:image:width\" content=\"1674\" \/>\n\t<meta property=\"og:image:height\" content=\"2560\" \/>\n\t<meta property=\"og:image:type\" content=\"image\/jpeg\" \/>\n<meta name=\"twitter:card\" content=\"summary_large_image\" \/>\n<meta name=\"twitter:label1\" content=\"Tempo di lettura stimato\" \/>\n\t<meta name=\"twitter:data1\" content=\"6 minuti\" \/>\n<script type=\"application\/ld+json\" class=\"yoast-schema-graph\">{\"@context\":\"https:\/\/schema.org\",\"@graph\":[{\"@type\":\"WebPage\",\"@id\":\"https:\/\/masterofcity.com\/privacy-policy\/\",\"url\":\"https:\/\/masterofcity.com\/privacy-policy\/\",\"name\":\"Master of City Privacy Policy\",\"isPartOf\":{\"@id\":\"https:\/\/masterofcity.com\/#website\"},\"datePublished\":\"2023-10-04T13:22:07+00:00\",\"dateModified\":\"2023-11-21T08:14:35+00:00\",\"breadcrumb\":{\"@id\":\"https:\/\/masterofcity.com\/privacy-policy\/#breadcrumb\"},\"inLanguage\":\"it-IT\",\"potentialAction\":[{\"@type\":\"ReadAction\",\"target\":[\"https:\/\/masterofcity.com\/privacy-policy\/\"]}]},{\"@type\":\"BreadcrumbList\",\"@id\":\"https:\/\/masterofcity.com\/privacy-policy\/#breadcrumb\",\"itemListElement\":[{\"@type\":\"ListItem\",\"position\":1,\"name\":\"Home\",\"item\":\"https:\/\/masterofcity.com\/\"},{\"@type\":\"ListItem\",\"position\":2,\"name\":\"Privacy Policy\"}]},{\"@type\":\"WebSite\",\"@id\":\"https:\/\/masterofcity.com\/#website\",\"url\":\"https:\/\/masterofcity.com\/\",\"name\":\"Master of City\",\"description\":\"\",\"publisher\":{\"@id\":\"https:\/\/masterofcity.com\/#organization\"},\"potentialAction\":[{\"@type\":\"SearchAction\",\"target\":{\"@type\":\"EntryPoint\",\"urlTemplate\":\"https:\/\/masterofcity.com\/?s={search_term_string}\"},\"query-input\":{\"@type\":\"PropertyValueSpecification\",\"valueRequired\":true,\"valueName\":\"search_term_string\"}}],\"inLanguage\":\"it-IT\"},{\"@type\":\"Organization\",\"@id\":\"https:\/\/masterofcity.com\/#organization\",\"name\":\"Master of City\",\"url\":\"https:\/\/masterofcity.com\/\",\"logo\":{\"@type\":\"ImageObject\",\"inLanguage\":\"it-IT\",\"@id\":\"https:\/\/masterofcity.com\/#\/schema\/logo\/image\/\",\"url\":\"https:\/\/masterofcity.com\/wp-content\/uploads\/2023\/07\/puste-1.jpg\",\"contentUrl\":\"https:\/\/masterofcity.com\/wp-content\/uploads\/2023\/07\/puste-1.jpg\",\"width\":1622,\"height\":526,\"caption\":\"Master of City\"},\"image\":{\"@id\":\"https:\/\/masterofcity.com\/#\/schema\/logo\/image\/\"}}]}<\/script>\n<!-- \/ Yoast SEO plugin. -->","yoast_head_json":{"title":"Master of City Privacy Policy","robots":{"index":"index","follow":"follow","max-snippet":"max-snippet:-1","max-image-preview":"max-image-preview:large","max-video-preview":"max-video-preview:-1"},"canonical":"https:\/\/masterofcity.com\/it\/privacy-policy\/","og_locale":"it_IT","og_type":"article","og_title":"Master of City Privacy Policy","og_description":"Privacy Policy of Master of City Store Dear User! We care about your privacy and want you to feel comfortable while using our services. Therefore, below we present you with the most crucial information about the rules of processing your personal data and cookies, which are used by our Store. This information has been prepared [&hellip;]","og_url":"https:\/\/masterofcity.com\/it\/privacy-policy\/","og_site_name":"Master of City","article_modified_time":"2023-11-21T08:14:35+00:00","og_image":[{"width":1674,"height":2560,"url":"https:\/\/masterofcity.com\/wp-content\/uploads\/2024\/12\/Group-382-scaled.jpg","type":"image\/jpeg"}],"twitter_card":"summary_large_image","twitter_misc":{"Tempo di lettura stimato":"6 minuti"},"schema":{"@context":"https:\/\/schema.org","@graph":[{"@type":"WebPage","@id":"https:\/\/masterofcity.com\/privacy-policy\/","url":"https:\/\/masterofcity.com\/privacy-policy\/","name":"Master of City Privacy Policy","isPartOf":{"@id":"https:\/\/masterofcity.com\/#website"},"datePublished":"2023-10-04T13:22:07+00:00","dateModified":"2023-11-21T08:14:35+00:00","breadcrumb":{"@id":"https:\/\/masterofcity.com\/privacy-policy\/#breadcrumb"},"inLanguage":"it-IT","potentialAction":[{"@type":"ReadAction","target":["https:\/\/masterofcity.com\/privacy-policy\/"]}]},{"@type":"BreadcrumbList","@id":"https:\/\/masterofcity.com\/privacy-policy\/#breadcrumb","itemListElement":[{"@type":"ListItem","position":1,"name":"Home","item":"https:\/\/masterofcity.com\/"},{"@type":"ListItem","position":2,"name":"Privacy Policy"}]},{"@type":"WebSite","@id":"https:\/\/masterofcity.com\/#website","url":"https:\/\/masterofcity.com\/","name":"Master of City","description":"","publisher":{"@id":"https:\/\/masterofcity.com\/#organization"},"potentialAction":[{"@type":"SearchAction","target":{"@type":"EntryPoint","urlTemplate":"https:\/\/masterofcity.com\/?s={search_term_string}"},"query-input":{"@type":"PropertyValueSpecification","valueRequired":true,"valueName":"search_term_string"}}],"inLanguage":"it-IT"},{"@type":"Organization","@id":"https:\/\/masterofcity.com\/#organization","name":"Master of City","url":"https:\/\/masterofcity.com\/","logo":{"@type":"ImageObject","inLanguage":"it-IT","@id":"https:\/\/masterofcity.com\/#\/schema\/logo\/image\/","url":"https:\/\/masterofcity.com\/wp-content\/uploads\/2023\/07\/puste-1.jpg","contentUrl":"https:\/\/masterofcity.com\/wp-content\/uploads\/2023\/07\/puste-1.jpg","width":1622,"height":526,"caption":"Master of City"},"image":{"@id":"https:\/\/masterofcity.com\/#\/schema\/logo\/image\/"}}]}},"_links":{"self":[{"href":"https:\/\/masterofcity.com\/it\/wp-json\/wp\/v2\/pages\/2270","targetHints":{"allow":["GET"]}}],"collection":[{"href":"https:\/\/masterofcity.com\/it\/wp-json\/wp\/v2\/pages"}],"about":[{"href":"https:\/\/masterofcity.com\/it\/wp-json\/wp\/v2\/types\/page"}],"author":[{"embeddable":true,"href":"https:\/\/masterofcity.com\/it\/wp-json\/wp\/v2\/users\/1"}],"replies":[{"embeddable":true,"href":"https:\/\/masterofcity.com\/it\/wp-json\/wp\/v2\/comments?post=2270"}],"version-history":[{"count":29,"href":"https:\/\/masterofcity.com\/it\/wp-json\/wp\/v2\/pages\/2270\/revisions"}],"predecessor-version":[{"id":3347,"href":"https:\/\/masterofcity.com\/it\/wp-json\/wp\/v2\/pages\/2270\/revisions\/3347"}],"wp:attachment":[{"href":"https:\/\/masterofcity.com\/it\/wp-json\/wp\/v2\/media?parent=2270"}],"curies":[{"name":"wp","href":"https:\/\/api.w.org\/{rel}","templated":true}]}}