{"id":2270,"date":"2023-10-04T13:22:07","date_gmt":"2023-10-04T13:22:07","guid":{"rendered":"https:\/\/masterofcity.com\/?page_id=2270"},"modified":"2023-11-21T08:14:35","modified_gmt":"2023-11-21T08:14:35","slug":"privacy-policy","status":"publish","type":"page","link":"https:\/\/masterofcity.com\/pl\/privacy-policy\/","title":{"rendered":"Polityka prywatno\u015bci"},"content":{"rendered":"<div data-elementor-type=\"wp-page\" data-elementor-id=\"2270\" class=\"elementor elementor-2270\" data-elementor-post-type=\"page\">\n\t\t\t\t\t\t<section class=\"elementor-section elementor-top-section elementor-element elementor-element-b53a9ec elementor-section-boxed elementor-section-height-default elementor-section-height-default\" data-id=\"b53a9ec\" data-element_type=\"section\">\n\t\t\t\t\t\t<div class=\"elementor-container elementor-column-gap-default\">\n\t\t\t\t\t<div class=\"elementor-column elementor-col-100 elementor-top-column elementor-element elementor-element-b7dc103\" data-id=\"b7dc103\" data-element_type=\"column\">\n\t\t\t<div class=\"elementor-widget-wrap elementor-element-populated\">\n\t\t\t\t\t\t<div class=\"elementor-element elementor-element-d3bbc36 elementor-widget elementor-widget-text-editor\" data-id=\"d3bbc36\" data-element_type=\"widget\" data-widget_type=\"text-editor.default\">\n\t\t\t\t<div class=\"elementor-widget-container\">\n\t\t\t\t\t\t\t\t\t<div><div><div><p><strong>Polityka prywatno\u015bci sklepu Master of City<\/strong><\/p><p>Drogi u\u017cytkowniku!<\/p><p>Dbamy o Twoj\u0105 prywatno\u015b\u0107 i chcemy, aby\u015b czu\u0142 si\u0119 komfortowo korzystaj\u0105c z naszych us\u0142ug. Dlatego poni\u017cej przedstawiamy najwa\u017cniejsze informacje o zasadach przetwarzania Twoich danych osobowych oraz plikach cookies, kt\u00f3re s\u0105 wykorzystywane przez nasz Sklep. Informacje te zosta\u0142y przygotowane z uwzgl\u0119dnieniem RODO, czyli Og\u00f3lnego Rozporz\u0105dzenia o Ochronie Danych Osobowych.<\/p><p><strong>ADMINISTRATOR DANYCH OSOBOWYCH (\"Administrator\")<\/strong> ANDRZEJ SZCZE\u015aNIAK, przedsi\u0119biorca prowadz\u0105cy dzia\u0142alno\u015b\u0107 gospodarcz\u0105 pod nazw\u0105 IMEDIA GROUP ANDRZEJ SZCZE\u015aNIAK, wpisany do Centralnej Ewidencji i Informacji o Dzia\u0142alno\u015bci Gospodarczej prowadzonej przez ministra w\u0142a\u015bciwego do spraw gospodarki i prowadzenia Centralnej Ewidencji i Informacji o Dzia\u0142alno\u015bci Gospodarczej, NIP 5260055621, nr REGON 010054933, ul. Rogalskiego 12\/33, 03-918 Warszawa.<\/p><p><strong>DANE OSOBOWE I PRYWATNO\u015a\u0106<\/strong> Je\u015bli zamierzasz za\u0142o\u017cy\u0107 Konto U\u017cytkownika i korzysta\u0107 z naszych us\u0142ug, zostaniesz poproszony o podanie nam swoich danych osobowych. Twoje dane przetwarzane s\u0105 przez nas w wymienionych poni\u017cej celach zwi\u0105zanych z funkcjonowaniem Sklepu i oferowanymi w nim us\u0142ugami (\"Us\u0142ugi\").<\/p><p>Cel przetwarzania:<\/p><p>W zale\u017cno\u015bci od tego, co zdecydujesz, mo\u017ce to by\u0107:<\/p><ul><li>\u015awiadczenie us\u0142ug oferowanych w Sklepie<\/li><li>Realizacja zam\u00f3wie\u0144<\/li><li>Marketing bezpo\u015bredni oferowanych us\u0142ug innych ni\u017c newsletter<\/li><li>Wysy\u0142anie newslettera<\/li><\/ul><p>Podstawa przetwarzania:<\/p><ul><li>Umowa sprzeda\u017cy lub dzia\u0142ania podj\u0119te na \u017c\u0105danie u\u017cytkownika zmierzaj\u0105ce do jej zawarcia (art. 6 ust. 1 lit. b) RODO)<\/li><li>wi\u0105\u017c\u0105cy nas obowi\u0105zek prawny, np. zwi\u0105zany z rachunkowo\u015bci\u0105 (art. 6 ust. 1 lit. c RODO)<\/li><li>Twoja zgoda wyra\u017cona w Sklepie (art. 6 ust. 1 lit. a RODO)<\/li><li>Umowa o \u015bwiadczenie us\u0142ug lub dzia\u0142ania podj\u0119te na Twoje \u017c\u0105danie zmierzaj\u0105ce do jej zawarcia (art. 6 ust. 1 lit. b RODO)<\/li><li>Nasz uzasadniony interes w przetwarzaniu danych w celu ustalenia, dochodzenia lub obrony potencjalnych roszcze\u0144 (art. 6 ust. 1 lit. f) RODO)<\/li><li>Nasz uzasadniony interes w marketingu bezpo\u015brednim (art. 6(1)(f) RODO)<\/li><li>Nasz uzasadniony interes w przetwarzaniu danych do cel\u00f3w analitycznych i statystycznych (art. 6(1)(f) RODO)<\/li><li>Nasz uzasadniony interes w badaniu satysfakcji klient\u00f3w (art. 6(1)(f) RODO)<\/li><\/ul><p>Dostarczanie danych:<\/p><ul><li>Dobrowolnie, ale w niekt\u00f3rych przypadkach mo\u017ce by\u0107 konieczne zawarcie umowy.<\/li><\/ul><p>Konsekwencje nieprzekazania danych:<\/p><p>W zale\u017cno\u015bci od celu, w jakim dane s\u0105 dostarczane:<\/p><ul><li>Brak mo\u017cliwo\u015bci rejestracji w Sklepie<\/li><li>Niemo\u017cno\u015b\u0107 korzystania z us\u0142ug Sklepu<\/li><li>Brak mo\u017cliwo\u015bci dokonywania zakup\u00f3w w Sklepie<\/li><li>Brak mo\u017cliwo\u015bci otrzymywania informacji o promocjach lub ofertach specjalnych w Sklepie<\/li><\/ul><p>Mo\u017cliwo\u015b\u0107 wycofania zgody:<\/p><ul><li>W dowolnym momencie Przetwarzanie danych do momentu wycofania zgody pozostaje zgodne z prawem.<\/li><\/ul><p><strong>PROFILOWANIE<\/strong> W Sklepie mo\u017cemy automatycznie dopasowywa\u0107 okre\u015blone tre\u015bci do Twoich potrzeb, tj. profilu, korzystaj\u0105c z podanych przez Ciebie danych osobowych.<\/p><p>Je\u015bli profilowanie b\u0119dzie skutkowa\u0107 decyzjami maj\u0105cymi skutki prawne dotycz\u0105ce u\u017cytkownika lub wp\u0142ywaj\u0105cymi na niego w podobnie istotny spos\u00f3b, b\u0119dziemy je przeprowadza\u0107 wy\u0142\u0105cznie za zgod\u0105 u\u017cytkownika.<\/p><p>Pami\u0119taj, \u017ce mo\u017cesz wycofa\u0107 swoj\u0105 zgod\u0119 w dowolnym momencie. Przetwarzanie danych do momentu wycofania zgody pozostaje zgodne z prawem.<\/p><p><strong>OKRES PRZETWARZANIA DANYCH<\/strong> B\u0119dziemy przetwarza\u0107 dane u\u017cytkownika wy\u0142\u0105cznie przez okres, w kt\u00f3rym b\u0119dziemy mie\u0107 ku temu podstaw\u0119 prawn\u0105, tj. do czasu:<\/p><ul><li>Nie jeste\u015bmy ju\u017c prawnie zobowi\u0105zani do przetwarzania danych u\u017cytkownika<\/li><li>Ustaje mo\u017cliwo\u015b\u0107 ustalania, dochodzenia lub obrony przez strony jakichkolwiek roszcze\u0144 zwi\u0105zanych z umow\u0105 zawart\u0105 przez Sklep<\/li><li>Wycofujesz swoj\u0105 zgod\u0119 na przetwarzanie danych, je\u015bli by\u0142a ona jego podstaw\u0105<\/li><li>Tw\u00f3j sprzeciw wobec przetwarzania Twoich danych osobowych zostanie uwzgl\u0119dniony - je\u017celi podstaw\u0105 przetwarzania Twoich danych by\u0142 prawnie uzasadniony interes administratora lub dane by\u0142y przetwarzane na potrzeby marketingu bezpo\u015bredniego, w tym profilowania.<\/li><li>W zale\u017cno\u015bci od tego, co ma zastosowanie w danym przypadku i co wydarzy si\u0119 jako ostatnie.<\/li><\/ul><p><strong>BEZPIECZE\u0143STWO DANYCH<\/strong> Podczas przetwarzania danych osobowych stosujemy \u015brodki organizacyjne i techniczne zgodne z odpowiednimi przepisami prawa.<\/p><p><strong>TWOJE PRAWA<\/strong> U\u017cytkownik ma prawo za\u017c\u0105da\u0107:<\/p><ul><li><p>Dost\u0119p do danych osobowych<\/p><\/li><li><p>Ich naprawa<\/p><\/li><li><p>Usuni\u0119cie<\/p><\/li><li><p>Ograniczenia przetwarzania<\/p><\/li><li><p>Przesy\u0142anie danych do innego administratora:<\/p><\/li><li><p>Sprzeciwu wobec przetwarzania danych w dowolnym momencie:<\/p><ul><li>Z przyczyn zwi\u0105zanych z Twoj\u0105 szczeg\u00f3ln\u0105 sytuacj\u0105 - w zakresie przetwarzania Twoich danych osobowych, na podstawie Art. 6 ust. 1 lit. f) RODO (tj. na podstawie prawnie uzasadnionych interes\u00f3w realizowanych przez administratora), w tym profilowania na podstawie tych przepis\u00f3w<\/li><li>Je\u015bli dane osobowe s\u0105 przetwarzane do cel\u00f3w marketingu bezpo\u015bredniego, w tym profilowania, w zakresie, w jakim przetwarzanie jest zwi\u0105zane z takim marketingiem bezpo\u015brednim.<\/li><\/ul><\/li><\/ul><p>Skontaktuj si\u0119 z nami, je\u015bli chcesz skorzysta\u0107 ze swoich praw.<\/p><p>Je\u015bli u\u017cytkownik uwa\u017ca, \u017ce jego dane s\u0105 przetwarzane niezgodnie z prawem, mo\u017ce z\u0142o\u017cy\u0107 skarg\u0119 do organu nadzorczego.<\/p><p><strong>CIASTECZKA<\/strong> Nasz Sklep, podobnie jak wi\u0119kszo\u015b\u0107 stron internetowych, wykorzystuje tzw. pliki cookies. Pliki te:<\/p><ul><li>S\u0105 przechowywane w pami\u0119ci urz\u0105dzenia (komputera, telefonu itp.).<\/li><li>Umo\u017cliwiaj\u0105 mi\u0119dzy innymi korzystanie ze wszystkich funkcji Sklepu<\/li><li>Nie wprowadzaj zmian w ustawieniach urz\u0105dzenia<\/li><\/ul><p>Korzystaj\u0105c z odpowiednich opcji przegl\u0105darki, mo\u017cna:<\/p><ul><li><p>Usuwanie plik\u00f3w cookie<\/p><\/li><li><p>Zablokowa\u0107 korzystanie z plik\u00f3w cookie w przysz\u0142o\u015bci W tym sklepie pliki cookie s\u0105 u\u017cywane do:<\/p><\/li><li><p>Zapami\u0119taj informacje o sesji<\/p><\/li><li><p>Cele statystyczne<\/p><\/li><li><p>Cele marketingowe<\/p><\/li><li><p>Udost\u0119pnianie funkcji sklepu<\/p><\/li><\/ul><p>Aby dowiedzie\u0107 si\u0119, jak zarz\u0105dza\u0107 plikami cookie, w tym jak wy\u0142\u0105czy\u0107 ich obs\u0142ug\u0119 w przegl\u0105darce, mo\u017cna skorzysta\u0107 z pliku pomocy przegl\u0105darki. Z informacjami tymi mo\u017cna zapozna\u0107 si\u0119 naciskaj\u0105c klawisz F1 w przegl\u0105darce. Ponadto odpowiednie wskaz\u00f3wki mo\u017cna znale\u017a\u0107 na nast\u0119puj\u0105cych podstronach, w zale\u017cno\u015bci od u\u017cywanej przegl\u0105darki:<\/p><ul><li>Firefox<\/li><li>Chrom<\/li><li>Safari<\/li><li>Internet Explorer \/ Microsoft Edge<\/li><\/ul><p>Wi\u0119cej informacji na temat plik\u00f3w cookie mo\u017cna znale\u017a\u0107 w Wikipedii.<\/p><p><strong>US\u0141UGI ZEWN\u0118TRZNE \/ ODBIORCY DANYCH<\/strong> Korzystamy z us\u0142ug podmiot\u00f3w zewn\u0119trznych, kt\u00f3rym mog\u0105 by\u0107 przekazywane Twoje dane. Poni\u017cej znajduje si\u0119 lista mo\u017cliwych odbiorc\u00f3w Twoich danych:<\/p><ul><li>Dostawca oprogramowania niezb\u0119dnego do prowadzenia sklepu internetowego<\/li><li>Podmiot dostarczaj\u0105cy towary<\/li><li>Dostawca p\u0142atno\u015bci<\/li><li>Dostawca oprogramowania u\u0142atwiaj\u0105cego operacje biznesowe (np. oprogramowanie ksi\u0119gowe)<\/li><li>Podmiot zapewniaj\u0105cy nam wsparcie techniczne<\/li><li>Podmiot \u015bwiadcz\u0105cy us\u0142ugi marketingowe<\/li><li>Podmiot \u015bwiadcz\u0105cy us\u0142ugi statystyczne<\/li><li>W\u0142a\u015bciwe organy publiczne w zakresie, w jakim Administrator zobowi\u0105zany jest do przekazywania im danych<\/li><\/ul><p><strong>KONTAKT Z ADMINISTRATOREM<\/strong> Czy chcesz skorzysta\u0107 ze swoich praw do danych osobowych?<\/p><p>A mo\u017ce po prostu chcesz zapyta\u0107 o co\u015b zwi\u0105zanego z nasz\u0105 Polityk\u0105 prywatno\u015bci?<\/p><p>Napisz na adres e-mail: <a href=\"mailto:contact@masterofcity.com\" target=\"_new\">contact@masterofcity.com<\/a><\/p><p><strong>Polityka prywatno\u015bci sklepu Master of City<\/strong><\/p><p>Drogi u\u017cytkowniku,<\/p><p>Cenimy Twoj\u0105 prywatno\u015b\u0107 i staramy si\u0119 zapewni\u0107 Ci komfort podczas korzystania z naszego pakietu aplikacji, w tym Master of City London, Master of City Paris, Master of City Rome, Master of City New York, Master of City Warsaw i Master of City Cracow. Niniejsza polityka zawiera kluczowe informacje na temat przetwarzania danych osobowych i korzystania z plik\u00f3w cookie przez nasz Sklep, zgodnie z og\u00f3lnym rozporz\u0105dzeniem o ochronie danych (RODO).<\/p><p><strong>Administrator<\/strong><br \/>ANDRZEJ SZCZE\u015aNIAK prowadz\u0105cy dzia\u0142alno\u015b\u0107 gospodarcz\u0105 pod firm\u0105 IMEDIA GROUP ANDRZEJ SZCZE\u015aNIAK wpisany do Centralnej Ewidencji i Informacji o Dzia\u0142alno\u015bci Gospodarczej, z siedzib\u0105 przy ul. Rogalskiego 12\/33, 03-918 Warszawa.<\/p><p><strong>Dane osobowe i prywatno\u015b\u0107<\/strong><br \/>Podczas zak\u0142adania Konta U\u017cytkownika i korzystania z naszych us\u0142ug zostaniesz poproszony o podanie danych osobowych, przetwarzanych w celu funkcjonowania naszego Sklepu i jego us\u0142ug, w tym zr\u00f3\u017cnicowanej gamy oferowanych przez nas aplikacji dla poszczeg\u00f3lnych miast.<\/p><p><strong>Gromadzenie i wykorzystywanie danych<\/strong><br \/>Opr\u00f3cz wcze\u015bniej wymienionych zastosowa\u0144, gromadzimy i wykorzystujemy listy kontakt\u00f3w, obrazy i pliki do nast\u0119puj\u0105cych cel\u00f3w:<\/p><ul><li>Ulepszanie do\u015bwiadczenia u\u017cytkownika w naszych aplikacjach miejskich<\/li><li>Dostarczanie spersonalizowanych us\u0142ug dostosowanych do ka\u017cdego miasta<\/li><li>Ulepszanie naszych us\u0142ug w oparciu o potrzeby regionalne i miejskie<\/li><li>Dzia\u0142ania marketingowe i promocyjne zwi\u0105zane z naszym pakietem aplikacji<\/li><\/ul><p>Dane te s\u0105 przetwarzane na podstawie zgody u\u017cytkownika i naszych uzasadnionych interes\u00f3w.<\/p><p><strong>Bezpiecze\u0144stwo danych<\/strong><br \/>Stosujemy \u015brodki organizacyjne i techniczne w celu ochrony danych, zgodnie z normami prawnymi.<\/p><p><strong>Prawa u\u017cytkownika<\/strong><br \/>U\u017cytkownik ma prawo dost\u0119pu do swoich danych, ich sprostowania, usuni\u0119cia, ograniczenia przetwarzania lub przeniesienia. U\u017cytkownik mo\u017ce r\u00f3wnie\u017c sprzeciwi\u0107 si\u0119 przetwarzaniu danych z okre\u015blonych powod\u00f3w lub w celach marketingu bezpo\u015bredniego.<\/p><p><strong>Pliki cookie<\/strong><br \/>Nasz Sklep i aplikacje wykorzystuj\u0105 pliki cookie do zapami\u0119tywania informacji o sesji, do cel\u00f3w statystycznych i marketingowych oraz do udost\u0119pniania funkcji Sklepu. Mo\u017cesz zarz\u0105dza\u0107 plikami cookie za pomoc\u0105 ustawie\u0144 przegl\u0105darki.<\/p><p><strong>Us\u0142ugi zewn\u0119trzne\/odbiorcy danych<\/strong><br \/>Dane u\u017cytkownika mog\u0105 by\u0107 udost\u0119pniane podmiotom takim jak dostawcy oprogramowania, dostawcy us\u0142ug dostawy, dostawcy us\u0142ug p\u0142atniczych i organy publiczne, zgodnie z wymogami.<\/p><p><strong>Kontakt<\/strong><br \/>W przypadku jakichkolwiek pyta\u0144 lub w celu skorzystania z praw do danych, prosimy o kontakt pod adresem <a href=\"mailto:biuro@masterofcity.com\" target=\"_new\">contact@masterofcity.com<\/a>.<\/p><\/div><\/div><\/div>\t\t\t\t\t\t\t\t<\/div>\n\t\t\t\t<\/div>\n\t\t\t\t\t<\/div>\n\t\t<\/div>\n\t\t\t\t\t<\/div>\n\t\t<\/section>\n\t\t\t\t<\/div>","protected":false},"excerpt":{"rendered":"<p>Polityka prywatno\u015bci sklepu Master of City Drogi U\u017cytkowniku! Dbamy o Twoj\u0105 prywatno\u015b\u0107 i chcemy, aby\u015b czu\u0142 si\u0119 komfortowo korzystaj\u0105c z naszych us\u0142ug. Dlatego poni\u017cej przedstawiamy Ci najwa\u017cniejsze informacje o zasadach przetwarzania Twoich danych osobowych oraz plikach cookies, kt\u00f3re s\u0105 wykorzystywane przez nasz Sklep. Informacje te zosta\u0142y przygotowane [...]<\/p>","protected":false},"author":1,"featured_media":0,"parent":0,"menu_order":0,"comment_status":"closed","ping_status":"closed","template":"elementor_header_footer","meta":{"site-sidebar-layout":"default","site-content-layout":"","ast-site-content-layout":"default","site-content-style":"default","site-sidebar-style":"default","ast-global-header-display":"","ast-banner-title-visibility":"","ast-main-header-display":"","ast-hfb-above-header-display":"","ast-hfb-below-header-display":"","ast-hfb-mobile-header-display":"","site-post-title":"","ast-breadcrumbs-content":"","ast-featured-img":"","footer-sml-layout":"","ast-disable-related-posts":"","theme-transparent-header-meta":"","adv-header-id-meta":"","stick-header-meta":"","header-above-stick-meta":"","header-main-stick-meta":"","header-below-stick-meta":"","astra-migrate-meta-layouts":"set","ast-page-background-enabled":"default","ast-page-background-meta":{"desktop":{"background-color":"var(--ast-global-color-4)","background-image":"","background-repeat":"repeat","background-position":"center center","background-size":"auto","background-attachment":"scroll","background-type":"","background-media":"","overlay-type":"","overlay-color":"","overlay-opacity":"","overlay-gradient":""},"tablet":{"background-color":"","background-image":"","background-repeat":"repeat","background-position":"center center","background-size":"auto","background-attachment":"scroll","background-type":"","background-media":"","overlay-type":"","overlay-color":"","overlay-opacity":"","overlay-gradient":""},"mobile":{"background-color":"","background-image":"","background-repeat":"repeat","background-position":"center center","background-size":"auto","background-attachment":"scroll","background-type":"","background-media":"","overlay-type":"","overlay-color":"","overlay-opacity":"","overlay-gradient":""}},"ast-content-background-meta":{"desktop":{"background-color":"var(--ast-global-color-5)","background-image":"","background-repeat":"repeat","background-position":"center center","background-size":"auto","background-attachment":"scroll","background-type":"","background-media":"","overlay-type":"","overlay-color":"","overlay-opacity":"","overlay-gradient":""},"tablet":{"background-color":"var(--ast-global-color-5)","background-image":"","background-repeat":"repeat","background-position":"center center","background-size":"auto","background-attachment":"scroll","background-type":"","background-media":"","overlay-type":"","overlay-color":"","overlay-opacity":"","overlay-gradient":""},"mobile":{"background-color":"var(--ast-global-color-5)","background-image":"","background-repeat":"repeat","background-position":"center center","background-size":"auto","background-attachment":"scroll","background-type":"","background-media":"","overlay-type":"","overlay-color":"","overlay-opacity":"","overlay-gradient":""}},"footnotes":""},"class_list":["post-2270","page","type-page","status-publish","hentry"],"yoast_head":"<!-- This site is optimized with the Yoast SEO plugin v26.6 - https:\/\/yoast.com\/wordpress\/plugins\/seo\/ -->\n<title>Master of City Privacy Policy<\/title>\n<meta name=\"robots\" content=\"index, follow, max-snippet:-1, max-image-preview:large, max-video-preview:-1\" \/>\n<link rel=\"canonical\" href=\"https:\/\/masterofcity.com\/pl\/privacy-policy\/\" \/>\n<meta property=\"og:locale\" content=\"pl_PL\" \/>\n<meta property=\"og:type\" content=\"article\" \/>\n<meta property=\"og:title\" content=\"Master of City Privacy Policy\" \/>\n<meta property=\"og:description\" content=\"Privacy Policy of Master of City Store Dear User! We care about your privacy and want you to feel comfortable while using our services. Therefore, below we present you with the most crucial information about the rules of processing your personal data and cookies, which are used by our Store. This information has been prepared [&hellip;]\" \/>\n<meta property=\"og:url\" content=\"https:\/\/masterofcity.com\/pl\/privacy-policy\/\" \/>\n<meta property=\"og:site_name\" content=\"Master of City\" \/>\n<meta property=\"article:modified_time\" content=\"2023-11-21T08:14:35+00:00\" \/>\n<meta property=\"og:image\" content=\"https:\/\/masterofcity.com\/wp-content\/uploads\/2024\/12\/Group-382-scaled.jpg\" \/>\n\t<meta property=\"og:image:width\" content=\"1674\" \/>\n\t<meta property=\"og:image:height\" content=\"2560\" \/>\n\t<meta property=\"og:image:type\" content=\"image\/jpeg\" \/>\n<meta name=\"twitter:card\" content=\"summary_large_image\" \/>\n<meta name=\"twitter:label1\" content=\"Szacowany czas czytania\" \/>\n\t<meta name=\"twitter:data1\" content=\"6 minut\" \/>\n<script type=\"application\/ld+json\" class=\"yoast-schema-graph\">{\"@context\":\"https:\/\/schema.org\",\"@graph\":[{\"@type\":\"WebPage\",\"@id\":\"https:\/\/masterofcity.com\/privacy-policy\/\",\"url\":\"https:\/\/masterofcity.com\/privacy-policy\/\",\"name\":\"Master of City Privacy Policy\",\"isPartOf\":{\"@id\":\"https:\/\/masterofcity.com\/#website\"},\"datePublished\":\"2023-10-04T13:22:07+00:00\",\"dateModified\":\"2023-11-21T08:14:35+00:00\",\"breadcrumb\":{\"@id\":\"https:\/\/masterofcity.com\/privacy-policy\/#breadcrumb\"},\"inLanguage\":\"pl-PL\",\"potentialAction\":[{\"@type\":\"ReadAction\",\"target\":[\"https:\/\/masterofcity.com\/privacy-policy\/\"]}]},{\"@type\":\"BreadcrumbList\",\"@id\":\"https:\/\/masterofcity.com\/privacy-policy\/#breadcrumb\",\"itemListElement\":[{\"@type\":\"ListItem\",\"position\":1,\"name\":\"Home\",\"item\":\"https:\/\/masterofcity.com\/\"},{\"@type\":\"ListItem\",\"position\":2,\"name\":\"Privacy Policy\"}]},{\"@type\":\"WebSite\",\"@id\":\"https:\/\/masterofcity.com\/#website\",\"url\":\"https:\/\/masterofcity.com\/\",\"name\":\"Master of City\",\"description\":\"\",\"publisher\":{\"@id\":\"https:\/\/masterofcity.com\/#organization\"},\"potentialAction\":[{\"@type\":\"SearchAction\",\"target\":{\"@type\":\"EntryPoint\",\"urlTemplate\":\"https:\/\/masterofcity.com\/?s={search_term_string}\"},\"query-input\":{\"@type\":\"PropertyValueSpecification\",\"valueRequired\":true,\"valueName\":\"search_term_string\"}}],\"inLanguage\":\"pl-PL\"},{\"@type\":\"Organization\",\"@id\":\"https:\/\/masterofcity.com\/#organization\",\"name\":\"Master of City\",\"url\":\"https:\/\/masterofcity.com\/\",\"logo\":{\"@type\":\"ImageObject\",\"inLanguage\":\"pl-PL\",\"@id\":\"https:\/\/masterofcity.com\/#\/schema\/logo\/image\/\",\"url\":\"https:\/\/masterofcity.com\/wp-content\/uploads\/2023\/07\/puste-1.jpg\",\"contentUrl\":\"https:\/\/masterofcity.com\/wp-content\/uploads\/2023\/07\/puste-1.jpg\",\"width\":1622,\"height\":526,\"caption\":\"Master of City\"},\"image\":{\"@id\":\"https:\/\/masterofcity.com\/#\/schema\/logo\/image\/\"}}]}<\/script>\n<!-- \/ Yoast SEO plugin. -->","yoast_head_json":{"title":"Master of City Privacy Policy","robots":{"index":"index","follow":"follow","max-snippet":"max-snippet:-1","max-image-preview":"max-image-preview:large","max-video-preview":"max-video-preview:-1"},"canonical":"https:\/\/masterofcity.com\/pl\/privacy-policy\/","og_locale":"pl_PL","og_type":"article","og_title":"Master of City Privacy Policy","og_description":"Privacy Policy of Master of City Store Dear User! We care about your privacy and want you to feel comfortable while using our services. Therefore, below we present you with the most crucial information about the rules of processing your personal data and cookies, which are used by our Store. This information has been prepared [&hellip;]","og_url":"https:\/\/masterofcity.com\/pl\/privacy-policy\/","og_site_name":"Master of City","article_modified_time":"2023-11-21T08:14:35+00:00","og_image":[{"width":1674,"height":2560,"url":"https:\/\/masterofcity.com\/wp-content\/uploads\/2024\/12\/Group-382-scaled.jpg","type":"image\/jpeg"}],"twitter_card":"summary_large_image","twitter_misc":{"Szacowany czas czytania":"6 minut"},"schema":{"@context":"https:\/\/schema.org","@graph":[{"@type":"WebPage","@id":"https:\/\/masterofcity.com\/privacy-policy\/","url":"https:\/\/masterofcity.com\/privacy-policy\/","name":"Master of City Privacy Policy","isPartOf":{"@id":"https:\/\/masterofcity.com\/#website"},"datePublished":"2023-10-04T13:22:07+00:00","dateModified":"2023-11-21T08:14:35+00:00","breadcrumb":{"@id":"https:\/\/masterofcity.com\/privacy-policy\/#breadcrumb"},"inLanguage":"pl-PL","potentialAction":[{"@type":"ReadAction","target":["https:\/\/masterofcity.com\/privacy-policy\/"]}]},{"@type":"BreadcrumbList","@id":"https:\/\/masterofcity.com\/privacy-policy\/#breadcrumb","itemListElement":[{"@type":"ListItem","position":1,"name":"Home","item":"https:\/\/masterofcity.com\/"},{"@type":"ListItem","position":2,"name":"Privacy Policy"}]},{"@type":"WebSite","@id":"https:\/\/masterofcity.com\/#website","url":"https:\/\/masterofcity.com\/","name":"Master of City","description":"","publisher":{"@id":"https:\/\/masterofcity.com\/#organization"},"potentialAction":[{"@type":"SearchAction","target":{"@type":"EntryPoint","urlTemplate":"https:\/\/masterofcity.com\/?s={search_term_string}"},"query-input":{"@type":"PropertyValueSpecification","valueRequired":true,"valueName":"search_term_string"}}],"inLanguage":"pl-PL"},{"@type":"Organization","@id":"https:\/\/masterofcity.com\/#organization","name":"Master of City","url":"https:\/\/masterofcity.com\/","logo":{"@type":"ImageObject","inLanguage":"pl-PL","@id":"https:\/\/masterofcity.com\/#\/schema\/logo\/image\/","url":"https:\/\/masterofcity.com\/wp-content\/uploads\/2023\/07\/puste-1.jpg","contentUrl":"https:\/\/masterofcity.com\/wp-content\/uploads\/2023\/07\/puste-1.jpg","width":1622,"height":526,"caption":"Master of City"},"image":{"@id":"https:\/\/masterofcity.com\/#\/schema\/logo\/image\/"}}]}},"_links":{"self":[{"href":"https:\/\/masterofcity.com\/pl\/wp-json\/wp\/v2\/pages\/2270","targetHints":{"allow":["GET"]}}],"collection":[{"href":"https:\/\/masterofcity.com\/pl\/wp-json\/wp\/v2\/pages"}],"about":[{"href":"https:\/\/masterofcity.com\/pl\/wp-json\/wp\/v2\/types\/page"}],"author":[{"embeddable":true,"href":"https:\/\/masterofcity.com\/pl\/wp-json\/wp\/v2\/users\/1"}],"replies":[{"embeddable":true,"href":"https:\/\/masterofcity.com\/pl\/wp-json\/wp\/v2\/comments?post=2270"}],"version-history":[{"count":29,"href":"https:\/\/masterofcity.com\/pl\/wp-json\/wp\/v2\/pages\/2270\/revisions"}],"predecessor-version":[{"id":3347,"href":"https:\/\/masterofcity.com\/pl\/wp-json\/wp\/v2\/pages\/2270\/revisions\/3347"}],"wp:attachment":[{"href":"https:\/\/masterofcity.com\/pl\/wp-json\/wp\/v2\/media?parent=2270"}],"curies":[{"name":"wp","href":"https:\/\/api.w.org\/{rel}","templated":true}]}}