{"id":2277,"date":"2023-10-04T14:01:06","date_gmt":"2023-10-04T14:01:06","guid":{"rendered":"https:\/\/masterofcity.com\/?page_id=2277"},"modified":"2023-10-05T14:16:05","modified_gmt":"2023-10-05T14:16:05","slug":"terms-of-service","status":"publish","type":"page","link":"https:\/\/masterofcity.com\/pl\/terms-of-service\/","title":{"rendered":"Warunki \u015bwiadczenia us\u0142ug"},"content":{"rendered":"<div data-elementor-type=\"wp-page\" data-elementor-id=\"2277\" class=\"elementor elementor-2277\" data-elementor-post-type=\"page\">\n\t\t\t\t\t\t<section class=\"elementor-section elementor-top-section elementor-element elementor-element-727274e elementor-section-boxed elementor-section-height-default elementor-section-height-default\" data-id=\"727274e\" data-element_type=\"section\">\n\t\t\t\t\t\t<div class=\"elementor-container elementor-column-gap-default\">\n\t\t\t\t\t<div class=\"elementor-column elementor-col-100 elementor-top-column elementor-element elementor-element-cfa7461\" data-id=\"cfa7461\" data-element_type=\"column\">\n\t\t\t<div class=\"elementor-widget-wrap\">\n\t\t\t\t\t\t\t<\/div>\n\t\t<\/div>\n\t\t\t\t\t<\/div>\n\t\t<\/section>\n\t\t\t\t<section class=\"elementor-section elementor-top-section elementor-element elementor-element-3e0aef1 elementor-section-boxed elementor-section-height-default elementor-section-height-default\" data-id=\"3e0aef1\" data-element_type=\"section\">\n\t\t\t\t\t\t<div class=\"elementor-container elementor-column-gap-default\">\n\t\t\t\t\t<div class=\"elementor-column elementor-col-100 elementor-top-column elementor-element elementor-element-5230097\" data-id=\"5230097\" data-element_type=\"column\">\n\t\t\t<div class=\"elementor-widget-wrap elementor-element-populated\">\n\t\t\t\t\t\t<div class=\"elementor-element elementor-element-3028cfc elementor-widget elementor-widget-text-editor\" data-id=\"3028cfc\" data-element_type=\"widget\" data-widget_type=\"text-editor.default\">\n\t\t\t\t<div class=\"elementor-widget-container\">\n\t\t\t\t\t\t\t\t\t<p><strong>Odst\u0105pienie od umowy<\/strong><\/p><p>Je\u015bli jeste\u015b konsumentem - co do zasady masz prawo odst\u0105pi\u0107 od umowy zawartej na odleg\u0142o\u015b\u0107.<\/p><p>U\u017cytkownik mo\u017ce odst\u0105pi\u0107 od umowy, przesy\u0142aj\u0105c nam o\u015bwiadczenie o odst\u0105pieniu od umowy, na przyk\u0142ad poczt\u0105 elektroniczn\u0105 na adres: <a href=\"mailto:returns@masterofcity.com\" target=\"_new\">returns@masterofcity.com<\/a><\/p><p>Zwracan\u0105 rzecz zwr\u00f3\u0107 do nas niezw\u0142ocznie na adres: DTW Logistics Sp. z o.o. Sp. k., ul. Zag\u00f3rska 54, 42-500 B\u0119dzin , jednak nie p\u00f3\u017aniej ni\u017c w terminie 14 dni od dnia, w kt\u00f3rym odst\u0105pi\u0142e\u015b od umowy.<\/p><p>U\u017cytkownik mo\u017ce odst\u0105pi\u0107 od umowy w ci\u0105gu 14 dni.<\/p><p>Rozpoczyna si\u0119 14-dniowy okres na odst\u0105pienie od umowy:<\/p><ul><li>W przypadku umowy, w ramach kt\u00f3rej dostarczamy rzecz, b\u0119d\u0105c zobowi\u0105zanym do przeniesienia jej w\u0142asno\u015bci - od momentu, w kt\u00f3rym Ty lub wskazana przez Ciebie osoba trzecia, inna ni\u017c przewo\u017anik, wejdzie w posiadanie rzeczy,<\/li><li>W przypadku tre\u015bci cyfrowych - od dnia zawarcia umowy. Do zachowania terminu wystarczy wys\u0142anie o\u015bwiadczenia przed jego up\u0142ywem.<\/li><\/ul><p>Dokonane przez u\u017cytkownika p\u0142atno\u015bci, w tym koszty dostarczenia towar\u00f3w okre\u015blone w regulaminie, zostan\u0105 zwr\u00f3cone niezw\u0142ocznie, nie p\u00f3\u017aniej jednak ni\u017c w terminie 14 dni od dnia otrzymania przez nas o\u015bwiadczenia o odst\u0105pieniu od umowy.<\/p><p>Mo\u017cemy wstrzyma\u0107 si\u0119 ze zwrotem p\u0142atno\u015bci otrzymanej od u\u017cytkownika do chwili otrzymania przedmiotu z powrotem lub dostarczenia przez u\u017cytkownika dowodu jego odes\u0142ania, w zale\u017cno\u015bci od tego, kt\u00f3re zdarzenie nast\u0105pi wcze\u015bniej.<\/p><p>Pami\u0119taj, \u017ce prawo do odst\u0105pienia od umowy zawartej na odleg\u0142o\u015b\u0107 nie przys\u0142uguje konsumentom m.in. w odniesieniu do um\u00f3w:<\/p><ul><li>w kt\u00f3rej przedmiotem \u015bwiadczenia jest rzecz nieprefabrykowana, wyprodukowana wed\u0142ug specyfikacji konsumenta lub s\u0142u\u017c\u0105ca zaspokojeniu jego zindywidualizowanych potrzeb,<\/li><li>Gdy przedmiotem us\u0142ugi jest przedmiot, kt\u00f3ry szybko si\u0119 psuje lub ma kr\u00f3tki okres trwa\u0142o\u015bci,<\/li><li>W kt\u00f3rej przedmiotem \u015bwiadczenia jest rzecz dostarczana w zapiecz\u0119towanym opakowaniu, kt\u00f3rej po otwarciu (rozpakowaniu) nie mo\u017cna zwr\u00f3ci\u0107 ze wzgl\u0119du na ochron\u0119 zdrowia lub ze wzgl\u0119d\u00f3w higienicznych. Szczeg\u00f3\u0142owe informacje dotycz\u0105ce odst\u0105pienia od umowy znajduj\u0105 si\u0119 w naszym Regulaminie Sprzeda\u017cy.<\/li><\/ul><p><strong>Skargi<\/strong> Je\u015bli zakupiony u nas produkt oka\u017ce si\u0119 wadliwy, masz prawo do z\u0142o\u017cenia reklamacji z tytu\u0142u r\u0119kojmi. Reklamacj\u0119 najlepiej z\u0142o\u017cy\u0107 za po\u015brednictwem poczty elektronicznej: <a href=\"mailto:complaints@masterofcity.com\" target=\"_new\">complaints@masterofcity.com<\/a> lub poczt\u0105 na adres: DTW Logistics Sp. z o.o. Sp. k., ul. Zag\u00f3rska 54, 42-500 B\u0119dzin.<\/p><p>Reklamowany towar nale\u017cy odes\u0142a\u0107 na adres: DTW Logistics Sp. z o.o. Sp. k., ul. Zag\u00f3rska 54, 42-500 B\u0119dzin.<\/p><p>W zwi\u0105zku z wad\u0105 mo\u017cna \u017c\u0105da\u0107:<\/p><ul><li><p>Wymiana przedmiotu na wolny od wad,<\/p><\/li><li><p>Usuni\u0119cie wady lub z\u0142o\u017cenie o\u015bwiadczenia o:<\/p><\/li><li><p>Obni\u017cka ceny,<\/p><\/li><li><p>Odst\u0105pienie od umowy - w przypadku wady istotnej. Ponosimy odpowiedzialno\u015b\u0107 za wady wykryte w ci\u0105gu jednego roku od daty wydania rzeczy.<\/p><\/li><\/ul><p>Co do zasady, reklamacj\u0119 mo\u017cna z\u0142o\u017cy\u0107 w ci\u0105gu roku od zauwa\u017cenia wady, ale czas na z\u0142o\u017cenie reklamacji nie mo\u017ce zako\u0144czy\u0107 si\u0119 przed up\u0142ywem okresu odpowiedzialno\u015bci sprzedawcy.<\/p><p>Reklamacja (jej rozpatrzenie) zostanie rozpatrzona w ci\u0105gu 14 dni od daty jej otrzymania.<\/p><p>Wi\u0119cej informacji na temat reklamacji mo\u017cna znale\u017a\u0107 w naszym Regulaminie Sprzeda\u017cy.<\/p><p><strong>Formularz skargi<\/strong><\/p>\t\t\t\t\t\t\t\t<\/div>\n\t\t\t\t<\/div>\n\t\t\t\t\t<\/div>\n\t\t<\/div>\n\t\t\t\t\t<\/div>\n\t\t<\/section>\n\t\t\t\t<\/div>","protected":false},"excerpt":{"rendered":"<p>Odst\u0105pienie od umowy Je\u017celi jeste\u015b konsumentem - co do zasady przys\u0142uguje Ci prawo do odst\u0105pienia od umowy zawartej na odleg\u0142o\u015b\u0107. Od umowy mo\u017cna odst\u0105pi\u0107, przesy\u0142aj\u0105c nam o\u015bwiadczenie o odst\u0105pieniu na przyk\u0142ad poczt\u0105 elektroniczn\u0105 na adres: returns@masterofcity.com Zwracan\u0105 rzecz zwr\u00f3\u0107 do nas niezw\u0142ocznie na adres: DTW Logistics Sp. z [...]<\/p>","protected":false},"author":1,"featured_media":0,"parent":0,"menu_order":0,"comment_status":"closed","ping_status":"closed","template":"","meta":{"site-sidebar-layout":"no-sidebar","site-content-layout":"page-builder","ast-site-content-layout":"full-width-container","site-content-style":"default","site-sidebar-style":"default","ast-global-header-display":"","ast-banner-title-visibility":"","ast-main-header-display":"","ast-hfb-above-header-display":"","ast-hfb-below-header-display":"","ast-hfb-mobile-header-display":"","site-post-title":"disabled","ast-breadcrumbs-content":"","ast-featured-img":"disabled","footer-sml-layout":"","ast-disable-related-posts":"","theme-transparent-header-meta":"","adv-header-id-meta":"","stick-header-meta":"","header-above-stick-meta":"","header-main-stick-meta":"","header-below-stick-meta":"","astra-migrate-meta-layouts":"set","ast-page-background-enabled":"default","ast-page-background-meta":{"desktop":{"background-color":"var(--ast-global-color-4)","background-image":"","background-repeat":"repeat","background-position":"center center","background-size":"auto","background-attachment":"scroll","background-type":"","background-media":"","overlay-type":"","overlay-color":"","overlay-opacity":"","overlay-gradient":""},"tablet":{"background-color":"","background-image":"","background-repeat":"repeat","background-position":"center center","background-size":"auto","background-attachment":"scroll","background-type":"","background-media":"","overlay-type":"","overlay-color":"","overlay-opacity":"","overlay-gradient":""},"mobile":{"background-color":"","background-image":"","background-repeat":"repeat","background-position":"center center","background-size":"auto","background-attachment":"scroll","background-type":"","background-media":"","overlay-type":"","overlay-color":"","overlay-opacity":"","overlay-gradient":""}},"ast-content-background-meta":{"desktop":{"background-color":"var(--ast-global-color-5)","background-image":"","background-repeat":"repeat","background-position":"center center","background-size":"auto","background-attachment":"scroll","background-type":"","background-media":"","overlay-type":"","overlay-color":"","overlay-opacity":"","overlay-gradient":""},"tablet":{"background-color":"var(--ast-global-color-5)","background-image":"","background-repeat":"repeat","background-position":"center center","background-size":"auto","background-attachment":"scroll","background-type":"","background-media":"","overlay-type":"","overlay-color":"","overlay-opacity":"","overlay-gradient":""},"mobile":{"background-color":"var(--ast-global-color-5)","background-image":"","background-repeat":"repeat","background-position":"center center","background-size":"auto","background-attachment":"scroll","background-type":"","background-media":"","overlay-type":"","overlay-color":"","overlay-opacity":"","overlay-gradient":""}},"footnotes":""},"class_list":["post-2277","page","type-page","status-publish","hentry"],"yoast_head":"<!-- This site is optimized with the Yoast SEO plugin v26.6 - https:\/\/yoast.com\/wordpress\/plugins\/seo\/ -->\n<title>Master of City Terms of Service<\/title>\n<meta name=\"robots\" content=\"index, follow, max-snippet:-1, max-image-preview:large, max-video-preview:-1\" \/>\n<link rel=\"canonical\" href=\"https:\/\/masterofcity.com\/pl\/terms-of-service\/\" \/>\n<meta property=\"og:locale\" content=\"pl_PL\" \/>\n<meta property=\"og:type\" content=\"article\" \/>\n<meta property=\"og:title\" content=\"Master of City Terms of Service\" \/>\n<meta property=\"og:description\" content=\"Withdrawal from the contract If you are a consumer &#8211; as a rule, you have the right to withdraw from a distance contract. You can withdraw from the contract by sending us a statement of withdrawal, for example, by email to: returns@masterofcity.com Return the item to us immediately at the address: DTW Logistics Sp. z [&hellip;]\" \/>\n<meta property=\"og:url\" content=\"https:\/\/masterofcity.com\/pl\/terms-of-service\/\" \/>\n<meta property=\"og:site_name\" content=\"Master of City\" \/>\n<meta property=\"article:modified_time\" content=\"2023-10-05T14:16:05+00:00\" \/>\n<meta property=\"og:image\" content=\"https:\/\/masterofcity.com\/wp-content\/uploads\/2024\/12\/Group-382-scaled.jpg\" \/>\n\t<meta property=\"og:image:width\" content=\"1674\" \/>\n\t<meta property=\"og:image:height\" content=\"2560\" \/>\n\t<meta property=\"og:image:type\" content=\"image\/jpeg\" \/>\n<meta name=\"twitter:card\" content=\"summary_large_image\" \/>\n<meta name=\"twitter:label1\" content=\"Szacowany czas czytania\" \/>\n\t<meta name=\"twitter:data1\" content=\"3 minuty\" \/>\n<script type=\"application\/ld+json\" class=\"yoast-schema-graph\">{\"@context\":\"https:\/\/schema.org\",\"@graph\":[{\"@type\":\"WebPage\",\"@id\":\"https:\/\/masterofcity.com\/terms-of-service\/\",\"url\":\"https:\/\/masterofcity.com\/terms-of-service\/\",\"name\":\"Master of City Terms of Service\",\"isPartOf\":{\"@id\":\"https:\/\/masterofcity.com\/#website\"},\"datePublished\":\"2023-10-04T14:01:06+00:00\",\"dateModified\":\"2023-10-05T14:16:05+00:00\",\"breadcrumb\":{\"@id\":\"https:\/\/masterofcity.com\/terms-of-service\/#breadcrumb\"},\"inLanguage\":\"pl-PL\",\"potentialAction\":[{\"@type\":\"ReadAction\",\"target\":[\"https:\/\/masterofcity.com\/terms-of-service\/\"]}]},{\"@type\":\"BreadcrumbList\",\"@id\":\"https:\/\/masterofcity.com\/terms-of-service\/#breadcrumb\",\"itemListElement\":[{\"@type\":\"ListItem\",\"position\":1,\"name\":\"Home\",\"item\":\"https:\/\/masterofcity.com\/\"},{\"@type\":\"ListItem\",\"position\":2,\"name\":\"Terms of Service\"}]},{\"@type\":\"WebSite\",\"@id\":\"https:\/\/masterofcity.com\/#website\",\"url\":\"https:\/\/masterofcity.com\/\",\"name\":\"Master of City\",\"description\":\"\",\"publisher\":{\"@id\":\"https:\/\/masterofcity.com\/#organization\"},\"potentialAction\":[{\"@type\":\"SearchAction\",\"target\":{\"@type\":\"EntryPoint\",\"urlTemplate\":\"https:\/\/masterofcity.com\/?s={search_term_string}\"},\"query-input\":{\"@type\":\"PropertyValueSpecification\",\"valueRequired\":true,\"valueName\":\"search_term_string\"}}],\"inLanguage\":\"pl-PL\"},{\"@type\":\"Organization\",\"@id\":\"https:\/\/masterofcity.com\/#organization\",\"name\":\"Master of City\",\"url\":\"https:\/\/masterofcity.com\/\",\"logo\":{\"@type\":\"ImageObject\",\"inLanguage\":\"pl-PL\",\"@id\":\"https:\/\/masterofcity.com\/#\/schema\/logo\/image\/\",\"url\":\"https:\/\/masterofcity.com\/wp-content\/uploads\/2023\/07\/puste-1.jpg\",\"contentUrl\":\"https:\/\/masterofcity.com\/wp-content\/uploads\/2023\/07\/puste-1.jpg\",\"width\":1622,\"height\":526,\"caption\":\"Master of City\"},\"image\":{\"@id\":\"https:\/\/masterofcity.com\/#\/schema\/logo\/image\/\"}}]}<\/script>\n<!-- \/ Yoast SEO plugin. -->","yoast_head_json":{"title":"Master of City Terms of Service","robots":{"index":"index","follow":"follow","max-snippet":"max-snippet:-1","max-image-preview":"max-image-preview:large","max-video-preview":"max-video-preview:-1"},"canonical":"https:\/\/masterofcity.com\/pl\/terms-of-service\/","og_locale":"pl_PL","og_type":"article","og_title":"Master of City Terms of Service","og_description":"Withdrawal from the contract If you are a consumer &#8211; as a rule, you have the right to withdraw from a distance contract. You can withdraw from the contract by sending us a statement of withdrawal, for example, by email to: returns@masterofcity.com Return the item to us immediately at the address: DTW Logistics Sp. z [&hellip;]","og_url":"https:\/\/masterofcity.com\/pl\/terms-of-service\/","og_site_name":"Master of City","article_modified_time":"2023-10-05T14:16:05+00:00","og_image":[{"width":1674,"height":2560,"url":"https:\/\/masterofcity.com\/wp-content\/uploads\/2024\/12\/Group-382-scaled.jpg","type":"image\/jpeg"}],"twitter_card":"summary_large_image","twitter_misc":{"Szacowany czas czytania":"3 minuty"},"schema":{"@context":"https:\/\/schema.org","@graph":[{"@type":"WebPage","@id":"https:\/\/masterofcity.com\/terms-of-service\/","url":"https:\/\/masterofcity.com\/terms-of-service\/","name":"Master of City Terms of Service","isPartOf":{"@id":"https:\/\/masterofcity.com\/#website"},"datePublished":"2023-10-04T14:01:06+00:00","dateModified":"2023-10-05T14:16:05+00:00","breadcrumb":{"@id":"https:\/\/masterofcity.com\/terms-of-service\/#breadcrumb"},"inLanguage":"pl-PL","potentialAction":[{"@type":"ReadAction","target":["https:\/\/masterofcity.com\/terms-of-service\/"]}]},{"@type":"BreadcrumbList","@id":"https:\/\/masterofcity.com\/terms-of-service\/#breadcrumb","itemListElement":[{"@type":"ListItem","position":1,"name":"Home","item":"https:\/\/masterofcity.com\/"},{"@type":"ListItem","position":2,"name":"Terms of Service"}]},{"@type":"WebSite","@id":"https:\/\/masterofcity.com\/#website","url":"https:\/\/masterofcity.com\/","name":"Master of City","description":"","publisher":{"@id":"https:\/\/masterofcity.com\/#organization"},"potentialAction":[{"@type":"SearchAction","target":{"@type":"EntryPoint","urlTemplate":"https:\/\/masterofcity.com\/?s={search_term_string}"},"query-input":{"@type":"PropertyValueSpecification","valueRequired":true,"valueName":"search_term_string"}}],"inLanguage":"pl-PL"},{"@type":"Organization","@id":"https:\/\/masterofcity.com\/#organization","name":"Master of City","url":"https:\/\/masterofcity.com\/","logo":{"@type":"ImageObject","inLanguage":"pl-PL","@id":"https:\/\/masterofcity.com\/#\/schema\/logo\/image\/","url":"https:\/\/masterofcity.com\/wp-content\/uploads\/2023\/07\/puste-1.jpg","contentUrl":"https:\/\/masterofcity.com\/wp-content\/uploads\/2023\/07\/puste-1.jpg","width":1622,"height":526,"caption":"Master of City"},"image":{"@id":"https:\/\/masterofcity.com\/#\/schema\/logo\/image\/"}}]}},"_links":{"self":[{"href":"https:\/\/masterofcity.com\/pl\/wp-json\/wp\/v2\/pages\/2277","targetHints":{"allow":["GET"]}}],"collection":[{"href":"https:\/\/masterofcity.com\/pl\/wp-json\/wp\/v2\/pages"}],"about":[{"href":"https:\/\/masterofcity.com\/pl\/wp-json\/wp\/v2\/types\/page"}],"author":[{"embeddable":true,"href":"https:\/\/masterofcity.com\/pl\/wp-json\/wp\/v2\/users\/1"}],"replies":[{"embeddable":true,"href":"https:\/\/masterofcity.com\/pl\/wp-json\/wp\/v2\/comments?post=2277"}],"version-history":[{"count":4,"href":"https:\/\/masterofcity.com\/pl\/wp-json\/wp\/v2\/pages\/2277\/revisions"}],"predecessor-version":[{"id":2893,"href":"https:\/\/masterofcity.com\/pl\/wp-json\/wp\/v2\/pages\/2277\/revisions\/2893"}],"wp:attachment":[{"href":"https:\/\/masterofcity.com\/pl\/wp-json\/wp\/v2\/media?parent=2277"}],"curies":[{"name":"wp","href":"https:\/\/api.w.org\/{rel}","templated":true}]}}